{"id":226,"date":"2025-03-24T09:59:54","date_gmt":"2025-03-24T08:59:54","guid":{"rendered":"https:\/\/labrisz.hu\/?page_id=226"},"modified":"2025-08-30T14:43:34","modified_gmt":"2025-08-30T12:43:34","slug":"rolunk","status":"publish","type":"page","link":"https:\/\/labrisz.hu\/en\/rolunk\/","title":{"rendered":"Our history"},"content":{"rendered":"<p>[et_pb_section fb_built=&#8221;1&#8243; admin_label=&#8221;About&#8221; _builder_version=&#8221;4.27.4&#8243; _module_preset=&#8221;default&#8221; custom_padding=&#8221;18px|||||&#8221; collapsed=&#8221;on&#8221; global_colors_info=&#8221;{}&#8221;][et_pb_row _builder_version=&#8221;4.27.4&#8243; _module_preset=&#8221;default&#8221; custom_padding=&#8221;15px||12px|||&#8221; global_colors_info=&#8221;{}&#8221;][et_pb_column type=&#8221;4_4&#8243; _builder_version=&#8221;4.27.4&#8243; _module_preset=&#8221;default&#8221; global_colors_info=&#8221;{}&#8221;][et_pb_heading title=&#8221;T\u00f6rt\u00e9net\u00fcnk&#8221; _builder_version=&#8221;4.27.4&#8243; _module_preset=&#8221;default&#8221; title_font=&#8221;&#8211;et_global_heading_font||||||||&#8221; title_font_size=&#8221;80px&#8221; global_colors_info=&#8221;{}&#8221;][\/et_pb_heading][\/et_pb_column][\/et_pb_row][et_pb_row column_structure=&#8221;1_2,1_2&#8243; _builder_version=&#8221;4.27.4&#8243; _module_preset=&#8221;default&#8221; width=&#8221;83%&#8221; global_colors_info=&#8221;{}&#8221;][et_pb_column type=&#8221;1_2&#8243; _builder_version=&#8221;4.25.1&#8243; _module_preset=&#8221;default&#8221; global_colors_info=&#8221;{}&#8221;][et_pb_text _builder_version=&#8221;4.27.4&#8243; _module_preset=&#8221;65d59b21-0115-4eb1-9620-1cedd31bfb21&#8243; custom_margin=&#8221;|||28px||&#8221; locked=&#8221;off&#8221; global_colors_info=&#8221;{}&#8221;]<\/p>\n<p><span style=\"font-weight: 400;\">A Labrisz Leszbikus Egyes\u00fcletet hivatalosan 1999-ben jegyezt\u00e9k be, de az a csoport, amely megszervezte az egyes\u00fcletet, 1996 \u00f3ta szervezett tal\u00e1lkoz\u00f3kat, besz\u00e9lget\u00e9seket. N\u00e9h\u00e1ny leszbikus n\u0151 nemhivatalos, f\u00e9nym\u00e1solt lapot jelentetett meg, \u00e9s k\u00e9s\u0151bb besz\u00e9lget\u00e9seket szervezett az olvas\u00f3knak. A csoport havonta tal\u00e1lkozott, \u00e9s a Labrisz-esteken \u00f6sszegy\u0171lt n\u0151k k\u00f6z\u00fcl t\u00edzen alap\u00edtott\u00e1k meg az egyes\u00fcletet.<\/span><\/p>\n<p><span style=\"font-weight: 400;\">Az egyes\u00fclet legfontosabb tev\u00e9kenys\u00e9gei a k\u00f6z\u00f6ss\u00e9gszervez\u00e9s (besz\u00e9lget\u0151estek, egy\u00e9b k\u00f6z\u00f6ss\u00e9gi programok), az LBTQIA n\u0151k l\u00e1that\u00f3s\u00e1g\u00e1nak er\u0151s\u00edt\u00e9se (fesztiv\u00e1lok, kiadv\u00e1nyok, herstory arch\u00edvum), a leszbikus kult\u00fara \u00e1pol\u00e1sa filmeken \u00e9s m\u00e1s alkot\u00e1sokon kereszt\u00fcl, valamint a t\u00e1rsadalmi p\u00e1rbesz\u00e9d el\u0151seg\u00edt\u00e9se publik\u00e1ci\u00f3kon, ismeretterjeszt\u00e9sen, k\u00e9pz\u00e9seken kereszt\u00fcl.<\/span><\/p>\n<p><span style=\"font-weight: 400;\">Az egyes\u00fclet els\u0151 tev\u00e9kenys\u00e9ge a (nyomtatott) Labrisz h\u00edrlev\u00e9l \u00f6ssze\u00e1ll\u00edt\u00e1sa \u00e9s terjeszt\u00e9se, valamint a\u00a0 havi\u00a0 Labrisz-estek megszervez\u00e9se volt. T\u00e1rs-alap\u00edt\u00f3i lett\u00fcnk a Budapest Pride fesztiv\u00e1lt szervez\u0151 Sziv\u00e1rv\u00e1ny Misszi\u00f3 alap\u00edtv\u00e1nynak, 2005-ben pedig elind\u00edtottuk a LIFT fesztiv\u00e1lt. K\u00f6nyveket adtunk ki: a <\/span><i><span style=\"font-weight: 400;\">Leszbikus t\u00e9r\/er\u0151<\/span><\/i><span style=\"font-weight: 400;\"> c\u00edm\u0171 essz\u00e9k\u00f6tet a leszbikus t\u00f6rt\u00e9nelemr\u0151l \u00e9s politik\u00e1r\u00f3l sz\u00f3l, a <\/span><i><span style=\"font-weight: 400;\">Szembesz\u00e9l: Leszbikusok a sz\u00e9pirodalomban<\/span><\/i><span style=\"font-weight: 400;\"> verseket \u00e9s novell\u00e1kat tartalmaz, az <\/span><i><span style=\"font-weight: 400;\">El\u0151h\u00edvott \u00f6narck\u00e9pek<\/span><\/i><span style=\"font-weight: 400;\"> leszbikus n\u0151k \u00f6n\u00e9letrajzi \u00edr\u00e1sait, az <\/span><i><span style=\"font-weight: 400;\">Eltitkolt \u00e9vek<\/span><\/i><span style=\"font-weight: 400;\"> pedig 16 leszbikus \u00e9let\u00fatinterj\u00fat tartalmaz.<\/span><\/p>\n<p><span style=\"font-weight: 400;\">Az egyes\u00fclet \u201eMelegs\u00e9g \u00e9s megismer\u00e9s\u201d iskolai programja 2001-ben indult \u00e9s 2022-ig m\u0171k\u00f6d\u00f6tt. 2003-ban kiadtuk a <\/span><i><span style=\"font-weight: 400;\">M\u00e1r nem tabu<\/span><\/i><span style=\"font-weight: 400;\">, majd 2018-ban a <\/span><i><span style=\"font-weight: 400;\">M\u00e9g mindig tabu?<\/span><\/i><span style=\"font-weight: 400;\"> c\u00edm\u0171 tan\u00e1ri k\u00e9zik\u00f6nyvet. 2023-ban ind\u00edtottuk el \u00faj oktat\u00e1si programunkat a \u201cTabuk N\u00e9lk\u00fcl\u201d programot, amely els\u0151sorban fiatalokkal foglalkoz\u00f3 szakemberek sz\u00e1m\u00e1ra k\u00edn\u00e1l k\u00e9pz\u00e9seket. 2008-ban t\u00e1rs-alap\u00edt\u00f3i voltunk a Civil Kur\u00e1zsi programnak, majd 2016-ban az Emberi Jogi Nevel\u0151k H\u00e1l\u00f3zat\u00e1nak.\u00a0<\/span><\/p>\n<p><span style=\"font-weight: 400;\">2007 \u0151sz\u00e9n ind\u00edtottuk a Gobbi Hilda filmklubot, ahol leszbikus t\u00e9m\u00e1j\u00fa filmeket vet\u00edt\u00fcnk, ut\u00e1na besz\u00e9lget\u00e9ssel.<\/span><\/p>\n<p>[\/et_pb_text][\/et_pb_column][et_pb_column type=&#8221;1_2&#8243; _builder_version=&#8221;4.27.4&#8243; _module_preset=&#8221;default&#8221; global_colors_info=&#8221;{}&#8221;][et_pb_gallery gallery_ids=&#8221;34146,34147,34148,34149,34150,34151&#8243; fullwidth=&#8221;on&#8221; _builder_version=&#8221;4.27.4&#8243; _module_preset=&#8221;default&#8221; width=&#8221;100%&#8221; module_alignment=&#8221;center&#8221; custom_margin=&#8221;|||-34px||&#8221; animation_style=&#8221;fade&#8221; global_colors_info=&#8221;{}&#8221;][\/et_pb_gallery][\/et_pb_column][\/et_pb_row][\/et_pb_section]<\/p>\n","protected":false},"excerpt":{"rendered":"<p>A Labrisz Leszbikus Egyes\u00fcletet hivatalosan 1999-ben jegyezt\u00e9k be, de az a csoport, amely megszervezte az egyes\u00fcletet, 1996 \u00f3ta szervezett tal\u00e1lkoz\u00f3kat, besz\u00e9lget\u00e9seket. N\u00e9h\u00e1ny leszbikus n\u0151 nemhivatalos, f\u00e9nym\u00e1solt lapot jelentetett meg, \u00e9s k\u00e9s\u0151bb besz\u00e9lget\u00e9seket szervezett az olvas\u00f3knak. A csoport havonta tal\u00e1lkozott, \u00e9s a Labrisz-esteken \u00f6sszegy\u0171lt n\u0151k k\u00f6z\u00fcl t\u00edzen alap\u00edtott\u00e1k meg az egyes\u00fcletet. Az egyes\u00fclet legfontosabb tev\u00e9kenys\u00e9gei a k\u00f6z\u00f6ss\u00e9gszervez\u00e9s (besz\u00e9lget\u0151estek, egy\u00e9b k\u00f6z\u00f6ss\u00e9gi programok), az LBTQIA n\u0151k l\u00e1that\u00f3s\u00e1g\u00e1nak er\u0151s\u00edt\u00e9se (fesztiv\u00e1lok, kiadv\u00e1nyok, herstory arch\u00edvum), a leszbikus kult\u00fara \u00e1pol\u00e1sa filmeken \u00e9s m\u00e1s alkot\u00e1sokon kereszt\u00fcl, valamint a t\u00e1rsadalmi p\u00e1rbesz\u00e9d el\u0151seg\u00edt\u00e9se publik\u00e1ci\u00f3kon, ismeretterjeszt\u00e9sen, k\u00e9pz\u00e9seken kereszt\u00fcl. Az egyes\u00fclet els\u0151 tev\u00e9kenys\u00e9ge a (nyomtatott) Labrisz h\u00edrlev\u00e9l \u00f6ssze\u00e1ll\u00edt\u00e1sa \u00e9s terjeszt\u00e9se, valamint a\u00a0 havi\u00a0 Labrisz-estek megszervez\u00e9se volt. T\u00e1rs-alap\u00edt\u00f3i lett\u00fcnk a Budapest Pride fesztiv\u00e1lt szervez\u0151 Sziv\u00e1rv\u00e1ny Misszi\u00f3 alap\u00edtv\u00e1nynak, 2005-ben pedig elind\u00edtottuk a LIFT fesztiv\u00e1lt. K\u00f6nyveket adtunk ki: a Leszbikus t\u00e9r\/er\u0151 c\u00edm\u0171 essz\u00e9k\u00f6tet a leszbikus t\u00f6rt\u00e9nelemr\u0151l \u00e9s politik\u00e1r\u00f3l sz\u00f3l, a Szembesz\u00e9l: Leszbikusok a sz\u00e9pirodalomban verseket \u00e9s novell\u00e1kat tartalmaz, az El\u0151h\u00edvott \u00f6narck\u00e9pek leszbikus n\u0151k \u00f6n\u00e9letrajzi \u00edr\u00e1sait, az Eltitkolt \u00e9vek pedig 16 leszbikus \u00e9let\u00fatinterj\u00fat tartalmaz. Az egyes\u00fclet \u201eMelegs\u00e9g \u00e9s megismer\u00e9s\u201d iskolai programja 2001-ben indult \u00e9s 2022-ig m\u0171k\u00f6d\u00f6tt. 2003-ban kiadtuk a M\u00e1r nem tabu, majd 2018-ban a M\u00e9g mindig tabu? c\u00edm\u0171 tan\u00e1ri k\u00e9zik\u00f6nyvet. 2023-ban ind\u00edtottuk el \u00faj oktat\u00e1si programunkat a \u201cTabuk N\u00e9lk\u00fcl\u201d programot, amely els\u0151sorban fiatalokkal foglalkoz\u00f3 szakemberek [&hellip;]<\/p>\n","protected":false},"author":1,"featured_media":0,"parent":0,"menu_order":0,"comment_status":"closed","ping_status":"closed","template":"","meta":{"_seopress_robots_primary_cat":"","_seopress_titles_title":"","_seopress_titles_desc":"","_seopress_robots_index":"","_et_pb_use_builder":"on","_et_pb_old_content":"","_et_gb_content_width":"","footnotes":""},"class_list":["post-226","page","type-page","status-publish","hentry"],"_links":{"self":[{"href":"https:\/\/labrisz.hu\/en\/wp-json\/wp\/v2\/pages\/226","targetHints":{"allow":["GET"]}}],"collection":[{"href":"https:\/\/labrisz.hu\/en\/wp-json\/wp\/v2\/pages"}],"about":[{"href":"https:\/\/labrisz.hu\/en\/wp-json\/wp\/v2\/types\/page"}],"author":[{"embeddable":true,"href":"https:\/\/labrisz.hu\/en\/wp-json\/wp\/v2\/users\/1"}],"replies":[{"embeddable":true,"href":"https:\/\/labrisz.hu\/en\/wp-json\/wp\/v2\/comments?post=226"}],"version-history":[{"count":19,"href":"https:\/\/labrisz.hu\/en\/wp-json\/wp\/v2\/pages\/226\/revisions"}],"predecessor-version":[{"id":35212,"href":"https:\/\/labrisz.hu\/en\/wp-json\/wp\/v2\/pages\/226\/revisions\/35212"}],"wp:attachment":[{"href":"https:\/\/labrisz.hu\/en\/wp-json\/wp\/v2\/media?parent=226"}],"curies":[{"name":"wp","href":"https:\/\/api.w.org\/{rel}","templated":true}]}}