{"id":230,"date":"2025-03-24T09:59:54","date_gmt":"2025-03-24T08:59:54","guid":{"rendered":"https:\/\/labrisz.hu\/?page_id=230"},"modified":"2025-09-03T15:04:53","modified_gmt":"2025-09-03T13:04:53","slug":"kapcsolat","status":"publish","type":"page","link":"https:\/\/labrisz.hu\/en\/kapcsolat\/","title":{"rendered":"Contact"},"content":{"rendered":"<p>[et_pb_section fb_built=&#8221;1&#8243; admin_label=&#8221;Header &#038; Contact Info&#8221; _builder_version=&#8221;4.27.4&#8243; custom_padding=&#8221;0px||0px||false|false&#8221; locked=&#8221;off&#8221; collapsed=&#8221;off&#8221; global_colors_info=&#8221;{}&#8221;][et_pb_row _builder_version=&#8221;4.27.4&#8243; _module_preset=&#8221;default&#8221; custom_padding=&#8221;||2px|||&#8221; global_colors_info=&#8221;{}&#8221;][et_pb_column type=&#8221;4_4&#8243; _builder_version=&#8221;4.27.4&#8243; _module_preset=&#8221;default&#8221; global_colors_info=&#8221;{}&#8221;][et_pb_heading title=&#8221;@ET-DC@eyJkeW5hbWljIjp0cnVlLCJjb250ZW50IjoicG9zdF90aXRsZSIsInNldHRpbmdzIjp7ImJlZm9yZSI6IiIsImFmdGVyIjoiIn19@&#8221; _builder_version=&#8221;4.27.4&#8243; _dynamic_attributes=&#8221;title&#8221; _module_preset=&#8221;default&#8221; title_font=&#8221;&#8211;et_global_heading_font||||||||&#8221; title_font_size=&#8221;80px&#8221; global_colors_info=&#8221;{}&#8221;][\/et_pb_heading][\/et_pb_column][\/et_pb_row][et_pb_row column_structure=&#8221;1_2,1_2&#8243; _builder_version=&#8221;4.27.4&#8243; _module_preset=&#8221;default&#8221; custom_padding=&#8221;26px|||||&#8221; global_colors_info=&#8221;{}&#8221;][et_pb_column type=&#8221;1_2&#8243; _builder_version=&#8221;4.27.4&#8243; _module_preset=&#8221;default&#8221; global_colors_info=&#8221;{}&#8221;][et_pb_text _builder_version=&#8221;4.27.4&#8243; _module_preset=&#8221;default&#8221; hover_enabled=&#8221;0&#8243; global_colors_info=&#8221;{}&#8221; sticky_enabled=&#8221;0&#8243;]<\/p>\n<p class=\"p1\"><strong>\u00c1ltal\u00e1nos inform\u00e1ci\u00f3:<\/strong> <a href=\"mailto:labrisz@labrisz.hu\">labrisz@labrisz.hu<\/a><\/p>\n<p class=\"p1\"><strong>Sajt\u00f3:<\/strong> <a href=\"mailto:sajto@labrisz.hu\">sajto@labrisz.hu<\/a> \u2022 <a href=\"https:\/\/drive.google.com\/drive\/u\/1\/folders\/1zp8j--MRr1ZQA-WLyXMOr15qfQe19BAQ\" target=\"_blank\" rel=\"noopener\">Sajt\u00f3csomag<\/a><\/p>\n<p class=\"p1\"><strong>Telefon:<\/strong> +36304893123, h\u00e9tk\u00f6znap 9-18 \u00f3ra k\u00f6z\u00f6tt<\/p>\n<p class=\"p1\"><strong>Postac\u00edm:<\/strong> 1084 Budapest, N\u00e9met u. 16.<\/p>\n<p>[\/et_pb_text][et_pb_social_media_follow _builder_version=&#8221;4.27.4&#8243; _module_preset=&#8221;default&#8221; global_colors_info=&#8221;{}&#8221; icon_color__hover_enabled=&#8221;on|hover&#8221; icon_color__hover=&#8221;#EC1563&#8243;][et_pb_social_media_follow_network social_network=&#8221;facebook&#8221; url=&#8221;https:\/\/www.facebook.com\/LabriszEgyesulet&#8221; _builder_version=&#8221;4.27.4&#8243; _module_preset=&#8221;default&#8221; background_enable_color=&#8221;off&#8221; global_colors_info=&#8221;{}&#8221; follow_button=&#8221;off&#8221; url_new_window=&#8221;on&#8221;]facebook[\/et_pb_social_media_follow_network][et_pb_social_media_follow_network social_network=&#8221;instagram&#8221; url=&#8221;https:\/\/www.instagram.com\/labrisz_egyesulet\/&#8221; _builder_version=&#8221;4.27.4&#8243; _module_preset=&#8221;default&#8221; background_enable_color=&#8221;off&#8221; global_colors_info=&#8221;{}&#8221; follow_button=&#8221;off&#8221; url_new_window=&#8221;on&#8221;]instagram[\/et_pb_social_media_follow_network][et_pb_social_media_follow_network social_network=&#8221;youtube&#8221; url=&#8221;https:\/\/www.youtube.com\/@Labrisz&#8221; _builder_version=&#8221;4.27.4&#8243; _module_preset=&#8221;default&#8221; background_enable_color=&#8221;off&#8221; global_colors_info=&#8221;{}&#8221; follow_button=&#8221;off&#8221; url_new_window=&#8221;on&#8221;]youtube[\/et_pb_social_media_follow_network][\/et_pb_social_media_follow][\/et_pb_column][et_pb_column type=&#8221;1_2&#8243; _builder_version=&#8221;4.27.4&#8243; _module_preset=&#8221;default&#8221; global_colors_info=&#8221;{}&#8221;][dsm_embed_google_map address=&#8221;budapest n\u00e9met utca 16&#8243; zoom=&#8221;13&#8243; _builder_version=&#8221;4.27.4&#8243; _module_preset=&#8221;default&#8221; max_height=&#8221;286px&#8221; global_colors_info=&#8221;{}&#8221;][\/dsm_embed_google_map][\/et_pb_column][\/et_pb_row][et_pb_row column_structure=&#8221;1_2,1_2&#8243; _builder_version=&#8221;4.27.4&#8243; _module_preset=&#8221;default&#8221; custom_padding=&#8221;16px|||||&#8221; global_colors_info=&#8221;{}&#8221;][et_pb_column type=&#8221;1_2&#8243; _builder_version=&#8221;4.27.4&#8243; _module_preset=&#8221;default&#8221; global_colors_info=&#8221;{}&#8221;][et_pb_heading title=&#8221;Iratkozz fel h\u00edrlevel\u00fcnkre!&#8221; module_class=&#8221;hu-only&#8221; _builder_version=&#8221;4.27.4&#8243; _module_preset=&#8221;default&#8221; title_font=&#8221;&#8211;et_global_heading_font||||||||&#8221; title_font_size=&#8221;20px&#8221; custom_margin=&#8221;1px||6px|||&#8221; custom_padding=&#8221;||0px|||&#8221; global_colors_info=&#8221;{}&#8221;][\/et_pb_heading][et_pb_code module_class=&#8221;hu-only&#8221; _builder_version=&#8221;4.27.4&#8243; _module_preset=&#8221;default&#8221; custom_margin=&#8221;|||-16px||&#8221; custom_padding=&#8221;|||0px||&#8221; global_colors_info=&#8221;{}&#8221;]<\/p>\n<div id=\"mc_embed_shell\"><!-- [et_pb_line_break_holder] -->  <link href=\"\/\/cdn-images.mailchimp.com\/embedcode\/classic-061523.css\" rel=\"stylesheet\" type=\"text\/css\"><!-- [et_pb_line_break_holder] -->  <\/p>\n<style type=\"text\/css\"><!-- [et_pb_line_break_holder] -->    #mc_embed_signup {<!-- [et_pb_line_break_holder] -->      background: transparent;<!-- [et_pb_line_break_holder] -->      clear: left;<!-- [et_pb_line_break_holder] -->      font: 14px Roboto, Roboto, sans-serif;<!-- [et_pb_line_break_holder] -->      max-width: 100%;<!-- [et_pb_line_break_holder] -->      width: 100%;<!-- [et_pb_line_break_holder] -->      margin: 0; \/* remove auto centering *\/<!-- [et_pb_line_break_holder] -->      box-sizing: border-box;<!-- [et_pb_line_break_holder] -->      text-align: left; \/* align content to the left *\/<!-- [et_pb_line_break_holder] -->    }<!-- [et_pb_line_break_holder] --><!-- [et_pb_line_break_holder] -->    #mc_embed_signup label {<!-- [et_pb_line_break_holder] -->      color: #000; \/* default label color *\/<!-- [et_pb_line_break_holder] -->    }<!-- [et_pb_line_break_holder] --><!-- [et_pb_line_break_holder] -->    #mc_embed_signup input.email, <!-- [et_pb_line_break_holder] -->    #mc_embed_signup input.text {<!-- [et_pb_line_break_holder] -->      width: 100%;<!-- [et_pb_line_break_holder] -->      padding: 8px;<!-- [et_pb_line_break_holder] -->      box-sizing: border-box;<!-- [et_pb_line_break_holder] -->      margin-top: 4px;<!-- [et_pb_line_break_holder] -->      margin-bottom: 12px;<!-- [et_pb_line_break_holder] -->      border: 1px solid #ccc;<!-- [et_pb_line_break_holder] -->      border-radius: 4px;<!-- [et_pb_line_break_holder] -->      font-size: 14px;<!-- [et_pb_line_break_holder] -->    }<!-- [et_pb_line_break_holder] --><!-- [et_pb_line_break_holder] -->    #mc_embed_signup .button {<!-- [et_pb_line_break_holder] -->      background-color: #ec1563; \/* pink background *\/<!-- [et_pb_line_break_holder] -->      color: #fff;              \/* white text *\/<!-- [et_pb_line_break_holder] -->      border: none;<!-- [et_pb_line_break_holder] -->      border-radius: 60px;      \/* super round *\/<!-- [et_pb_line_break_holder] -->      padding: 1px 20px;<!-- [et_pb_line_break_holder] -->      font-size: 16px;<!-- [et_pb_line_break_holder] -->      font-weight: bold;<!-- [et_pb_line_break_holder] -->      cursor: pointer;<!-- [et_pb_line_break_holder] -->      transition: background-color 0.3s ease, color 0.3s ease;<!-- [et_pb_line_break_holder] -->      display: inline-block;<!-- [et_pb_line_break_holder] -->    }<!-- [et_pb_line_break_holder] --><!-- [et_pb_line_break_holder] -->    #mc_embed_signup .button:hover {<!-- [et_pb_line_break_holder] -->      background-color: #EF7627; \/* orange background on hover *\/<!-- [et_pb_line_break_holder] -->      color: #fff;               \/* white text *\/<!-- [et_pb_line_break_holder] -->    }<!-- [et_pb_line_break_holder] --><!-- [et_pb_line_break_holder] -->    #mce-responses .response {<!-- [et_pb_line_break_holder] -->      font-weight: bold;<!-- [et_pb_line_break_holder] -->      margin-top: 10px;<!-- [et_pb_line_break_holder] -->    }<!-- [et_pb_line_break_holder] --><!-- [et_pb_line_break_holder] -->    \/* Space between \"View previous campaigns\" and the subscribe button *\/<!-- [et_pb_line_break_holder] -->    #mc_embed_signup p a[href*=\"campaign-archive\"] {<!-- [et_pb_line_break_holder] -->      margin-bottom: 20px;<!-- [et_pb_line_break_holder] -->      display: inline-block; \/* so margin-bottom works *\/<!-- [et_pb_line_break_holder] -->    }<!-- [et_pb_line_break_holder] --><!-- [et_pb_line_break_holder] -->    \/* Make the form responsive *\/<!-- [et_pb_line_break_holder] -->    @media (max-width: 480px) {<!-- [et_pb_line_break_holder] -->      #mc_embed_signup {<!-- [et_pb_line_break_holder] -->        width: 95%;<!-- [et_pb_line_break_holder] -->      }<!-- [et_pb_line_break_holder] -->    }<!-- [et_pb_line_break_holder] -->  <\/style>\n<p><!-- [et_pb_line_break_holder] --><!-- [et_pb_line_break_holder] -->  <\/p>\n<div id=\"mc_embed_signup\"><!-- [et_pb_line_break_holder] -->    <\/p>\n<form action=\"https:\/\/labrisz.us18.list-manage.com\/subscribe\/post?u=95d25a8a9f217ad1385ea50af&#038;id=4c463693a8&#038;f_id=0025aae6f0\" method=\"post\" id=\"mc-embedded-subscribe-form\" name=\"mc-embedded-subscribe-form\" class=\"validate\" target=\"_blank\" novalidate><!-- [et_pb_line_break_holder] -->      <\/p>\n<div id=\"mc_embed_signup_scroll\"><!-- [et_pb_line_break_holder] -->        <\/p>\n<div class=\"indicates-required\"><span class=\"asterisk\"><\/span> <\/div>\n<p><!-- [et_pb_line_break_holder] --><!-- [et_pb_line_break_holder] -->        <\/p>\n<div class=\"mc-field-group\"><!-- [et_pb_line_break_holder] -->          <label for=\"mce-EMAIL\">Email Address <span class=\"asterisk\">*<\/span><\/label><!-- [et_pb_line_break_holder] -->          <input type=\"email\" name=\"EMAIL\" class=\"required email\" id=\"mce-EMAIL\" required value=\"\"><!-- [et_pb_line_break_holder] -->        <\/div>\n<p><!-- [et_pb_line_break_holder] --><!-- [et_pb_line_break_holder] -->        <\/p>\n<div class=\"mc-field-group\"><!-- [et_pb_line_break_holder] -->          <label for=\"mce-FNAME\">First Name <\/label><!-- [et_pb_line_break_holder] -->          <input type=\"text\" name=\"FNAME\" class=\"text\" id=\"mce-FNAME\" value=\"\"><!-- [et_pb_line_break_holder] -->        <\/div>\n<p><!-- [et_pb_line_break_holder] --><!-- [et_pb_line_break_holder] -->        <\/p>\n<div class=\"mc-field-group\"><!-- [et_pb_line_break_holder] -->          <label for=\"mce-LNAME\">Last Name <\/label><!-- [et_pb_line_break_holder] -->          <input type=\"text\" name=\"LNAME\" class=\"text\" id=\"mce-LNAME\" value=\"\"><!-- [et_pb_line_break_holder] -->        <\/div>\n<p><!-- [et_pb_line_break_holder] --><!-- [et_pb_line_break_holder] -->        <pee><a href=\"https:\/\/us18.campaign-archive.com\/home\/?u=95d25a8a9f217ad1385ea50af&#038;id=4c463693a8\">View previous campaigns<\/a><\/pee><!-- [et_pb_line_break_holder] --><!-- [et_pb_line_break_holder] -->        <\/p>\n<div hidden><!-- [et_pb_line_break_holder] -->          <input type=\"hidden\" name=\"tags\" value=\"175\"><!-- [et_pb_line_break_holder] -->        <\/div>\n<p><!-- [et_pb_line_break_holder] --><!-- [et_pb_line_break_holder] -->        <\/p>\n<div id=\"mce-responses\" class=\"clear foot\"><!-- [et_pb_line_break_holder] -->          <\/p>\n<div class=\"response\" id=\"mce-error-response\" style=\"display:none\"><\/div>\n<p><!-- [et_pb_line_break_holder] -->          <\/p>\n<div class=\"response\" id=\"mce-success-response\" style=\"display:none\"><\/div>\n<p><!-- [et_pb_line_break_holder] -->        <\/div>\n<p><!-- [et_pb_line_break_holder] --><!-- [et_pb_line_break_holder] -->        <\/p>\n<div aria-hidden=\"true\" style=\"position: absolute; left: -5000px;\"><!-- [et_pb_line_break_holder] -->          <!-- real people should not fill this in and expect good things - do not remove this or risk form bot signups --><!-- [et_pb_line_break_holder] -->          <input type=\"text\" name=\"b_95d25a8a9f217ad1385ea50af_4c463693a8\" tabindex=\"-1\" value=\"\"><!-- [et_pb_line_break_holder] -->        <\/div>\n<p><!-- [et_pb_line_break_holder] --><!-- [et_pb_line_break_holder] -->        <\/p>\n<div class=\"optionalParent\"><!-- [et_pb_line_break_holder] -->          <\/p>\n<div class=\"clear foot\"><!-- [et_pb_line_break_holder] -->            <input type=\"submit\" name=\"subscribe\" id=\"mc-embedded-subscribe\" class=\"button\" value=\"Subscribe\"><!-- [et_pb_line_break_holder] -->            <pee style=\"margin: 0 auto;\"><!-- [et_pb_line_break_holder] -->              <a href=\"http:\/\/eepurl.com\/iO0qdk\" title=\"Mailchimp - email marketing made easy and fun\"><!-- [et_pb_line_break_holder] -->                <span style=\"display:inline-block; background-color:transparent; border-radius:4px;\"><\/span><!-- [et_pb_line_break_holder] -->              <\/a><!-- [et_pb_line_break_holder] -->            <\/pee><!-- [et_pb_line_break_holder] -->          <\/div>\n<p><!-- [et_pb_line_break_holder] -->        <\/div>\n<p><!-- [et_pb_line_break_holder] -->      <\/div>\n<p><!-- [et_pb_line_break_holder] -->    <\/form>\n<p><!-- [et_pb_line_break_holder] -->  <\/div>\n<p><!-- [et_pb_line_break_holder] --><!-- [et_pb_line_break_holder] -->  <script type=\"text\/javascript\" src=\"\/\/s3.amazonaws.com\/downloads.mailchimp.com\/js\/mc-validate.js\"><\/script><!-- [et_pb_line_break_holder] -->  <script type=\"text\/javascript\"><!-- [et_pb_line_break_holder] -->    (function($) {<!-- [et_pb_line_break_holder] -->      window.fnames = new Array();<!-- [et_pb_line_break_holder] -->      window.ftypes = new Array();<!-- [et_pb_line_break_holder] -->      fnames[0] = \"EMAIL\";<!-- [et_pb_line_break_holder] -->      ftypes[0] = \"email\";<!-- [et_pb_line_break_holder] -->      fnames[1] = \"FNAME\";<!-- [et_pb_line_break_holder] -->      ftypes[1] = \"text\";<!-- [et_pb_line_break_holder] -->      fnames[2] = \"LNAME\";<!-- [et_pb_line_break_holder] -->      ftypes[2] = \"text\";<!-- [et_pb_line_break_holder] -->      fnames[3] = \"ADDRESS\";<!-- [et_pb_line_break_holder] -->      ftypes[3] = \"address\";<!-- [et_pb_line_break_holder] -->      fnames[4] = \"PHONE\";<!-- [et_pb_line_break_holder] -->      ftypes[4] = \"phone\";<!-- [et_pb_line_break_holder] -->      fnames[5] = \"BIRTHDAY\";<!-- [et_pb_line_break_holder] -->      ftypes[5] = \"birthday\";<!-- [et_pb_line_break_holder] -->      \/*<!-- [et_pb_line_break_holder] -->       * Translated default messages for the $ validation plugin.<!-- [et_pb_line_break_holder] -->       * Locale: HU<!-- [et_pb_line_break_holder] -->       *\/<!-- [et_pb_line_break_holder] -->      $.extend($.validator.messages, {<!-- [et_pb_line_break_holder] -->        required: \"K\u00f6telez\u0151 megadni.\",<!-- [et_pb_line_break_holder] -->        maxlength: $.validator.format(\"Legfeljebb {0} karakter hossz\u00fa legyen.\"),<!-- [et_pb_line_break_holder] -->        minlength: $.validator.format(\"Legal\u00e1bb {0} karakter hossz\u00fa legyen.\"),<!-- [et_pb_line_break_holder] -->        rangelength: $.validator.format(\"Legal\u00e1bb {0} \u00e9s legfeljebb {1} karakter hossz\u00fa legyen.\"),<!-- [et_pb_line_break_holder] -->        email: \"\u00c9rv\u00e9nyes e-mail c\u00edmnek kell lennie.\",<!-- [et_pb_line_break_holder] -->        url: \"\u00c9rv\u00e9nyes URL-nek kell lennie.\",<!-- [et_pb_line_break_holder] -->        date: \"D\u00e1tumnak kell lennie.\",<!-- [et_pb_line_break_holder] -->        number: \"Sz\u00e1mnak kell lennie.\",<!-- [et_pb_line_break_holder] -->        digits: \"Csak sz\u00e1mjegyek lehetnek.\",<!-- [et_pb_line_break_holder] -->        equalTo: \"Meg kell egyeznie a k\u00e9t \u00e9rt\u00e9knek.\",<!-- [et_pb_line_break_holder] -->        range: $.validator.format(\"{0} \u00e9s {1} k\u00f6z\u00e9 kell esnie.\"),<!-- [et_pb_line_break_holder] -->        max: $.validator.format(\"Nem lehet nagyobb, mint {0}.\"),<!-- [et_pb_line_break_holder] -->        min: $.validator.format(\"Nem lehet kisebb, mint {0}.\"),<!-- [et_pb_line_break_holder] -->        creditcard: \"\u00c9rv\u00e9nyes hitelk\u00e1rtyasz\u00e1mnak kell lennie.\"<!-- [et_pb_line_break_holder] -->      });<!-- [et_pb_line_break_holder] -->    })(jQuery);<!-- [et_pb_line_break_holder] -->    var $mcj = jQuery.noConflict(true);<!-- [et_pb_line_break_holder] -->  <\/script><!-- [et_pb_line_break_holder] --><\/div>\n<p><!-- [et_pb_line_break_holder] -->[\/et_pb_code][\/et_pb_column][et_pb_column type=&#8221;1_2&#8243; _builder_version=&#8221;4.27.4&#8243; _module_preset=&#8221;default&#8221; global_colors_info=&#8221;{}&#8221;][et_pb_heading title=&#8221;\u00dczenj nek\u00fcnk!&#8221; _builder_version=&#8221;4.27.4&#8243; _module_preset=&#8221;default&#8221; title_font=&#8221;&#8211;et_global_heading_font||||||||&#8221; title_font_size=&#8221;20px&#8221; global_colors_info=&#8221;{}&#8221;][\/et_pb_heading][et_pb_contact_form email=&#8221;labrisz@labrisz.hu&#8221; success_message=&#8221;K\u00f6sz\u00f6nj\u00fck az \u00fczeneted, hamarosan v\u00e1laszolunk!&#8221; submit_button_text=&#8221;K\u00fcld\u00e9s&#8221; _builder_version=&#8221;4.27.4&#8243; _module_preset=&#8221;67cf8a08-1b46-4505-82cc-ba61bbf7087b&#8221; _unique_id=&#8221;d2ab54b2-cef9-4fdc-a55d-8d6d45657a9e&#8221; form_field_custom_padding=&#8221;7px||7px||true|false&#8221; captcha_font=&#8221;|&#8211;et_global_body_font_weight|||||||&#8221; form_field_font=&#8221;&#8211;et_global_body_font||||||||&#8221; form_field_font_size=&#8221;14px&#8221; form_field_letter_spacing=&#8221;0em&#8221; custom_button=&#8221;off&#8221; custom_margin=&#8221;22px|||||&#8221; hover_enabled=&#8221;0&#8243; border_radii=&#8221;on|4px|4px|4px|4px&#8221; border_color_all=&#8221;rgba(0,0,0,0.28)&#8221; global_colors_info=&#8221;{%22gcid-7268cad3-92a8-48b9-b0e6-b46e46d37e6f%22:%91%22header_4_text_color%22,%22header_4_text_color%22,%22header_4_text_color%22,%22header_4_text_color%22%93,%22gcid-primary-color%22:%91%22quote_text_color%22,%22button_bg_color%22,%22quote_text_color%22,%22button_bg_color%22,%22quote_text_color%22,%22button_bg_color%22,%22quote_text_color%22,%22button_bg_color%22%93,%22gcid-body-color%22:%91%22form_field_text_color%22,%22form_field_focus_text_color%22,%22form_field_text_color%22,%22form_field_focus_text_color%22,%22form_field_text_color%22,%22form_field_focus_text_color%22,%22form_field_text_color%22,%22form_field_focus_text_color%22%93,%22gcid-e8b91008-1940-4879-ae56-3616297cb1f8%22:%91%22border_color_all_fields%22,%22border_color_all_fields%22,%22border_color_all_fields%22,%22border_color_all_fields%22%93,%22gcid-b2600d35-36e8-430a-9f98-753388617be2%22:%91%22button_text_color%22,%22button_text_color%22,%22button_text_color%22,%22button_text_color%22%93}&#8221; sticky_enabled=&#8221;0&#8243;][et_pb_contact_field field_id=&#8221;Name&#8221; field_title=&#8221;N\u00e9v&#8221; _builder_version=&#8221;4.27.4&#8243; global_colors_info=&#8221;{}&#8221; button_text_size__hover_enabled=&#8221;off&#8221; button_one_text_size__hover_enabled=&#8221;off&#8221; button_two_text_size__hover_enabled=&#8221;off&#8221; button_text_color__hover_enabled=&#8221;off&#8221; button_one_text_color__hover_enabled=&#8221;off&#8221; button_two_text_color__hover_enabled=&#8221;off&#8221; button_border_width__hover_enabled=&#8221;off&#8221; button_one_border_width__hover_enabled=&#8221;off&#8221; button_two_border_width__hover_enabled=&#8221;off&#8221; button_border_color__hover_enabled=&#8221;off&#8221; button_one_border_color__hover_enabled=&#8221;off&#8221; button_two_border_color__hover_enabled=&#8221;off&#8221; button_border_radius__hover_enabled=&#8221;off&#8221; button_one_border_radius__hover_enabled=&#8221;off&#8221; button_two_border_radius__hover_enabled=&#8221;off&#8221; button_letter_spacing__hover_enabled=&#8221;off&#8221; button_one_letter_spacing__hover_enabled=&#8221;off&#8221; button_two_letter_spacing__hover_enabled=&#8221;off&#8221; button_bg_color__hover_enabled=&#8221;off&#8221; button_one_bg_color__hover_enabled=&#8221;off&#8221; button_two_bg_color__hover_enabled=&#8221;off&#8221;][\/et_pb_contact_field][et_pb_contact_field field_id=&#8221;Email&#8221; field_title=&#8221;E-mail c\u00edm&#8221; field_type=&#8221;email&#8221; _builder_version=&#8221;4.27.4&#8243; global_colors_info=&#8221;{}&#8221; button_text_size__hover_enabled=&#8221;off&#8221; button_one_text_size__hover_enabled=&#8221;off&#8221; button_two_text_size__hover_enabled=&#8221;off&#8221; button_text_color__hover_enabled=&#8221;off&#8221; button_one_text_color__hover_enabled=&#8221;off&#8221; button_two_text_color__hover_enabled=&#8221;off&#8221; button_border_width__hover_enabled=&#8221;off&#8221; button_one_border_width__hover_enabled=&#8221;off&#8221; button_two_border_width__hover_enabled=&#8221;off&#8221; button_border_color__hover_enabled=&#8221;off&#8221; button_one_border_color__hover_enabled=&#8221;off&#8221; button_two_border_color__hover_enabled=&#8221;off&#8221; button_border_radius__hover_enabled=&#8221;off&#8221; button_one_border_radius__hover_enabled=&#8221;off&#8221; button_two_border_radius__hover_enabled=&#8221;off&#8221; button_letter_spacing__hover_enabled=&#8221;off&#8221; button_one_letter_spacing__hover_enabled=&#8221;off&#8221; button_two_letter_spacing__hover_enabled=&#8221;off&#8221; button_bg_color__hover_enabled=&#8221;off&#8221; button_one_bg_color__hover_enabled=&#8221;off&#8221; button_two_bg_color__hover_enabled=&#8221;off&#8221;][\/et_pb_contact_field][et_pb_contact_field field_id=&#8221;Message&#8221; field_title=&#8221;\u00dczenet&#8221; field_type=&#8221;text&#8221; fullwidth_field=&#8221;on&#8221; _builder_version=&#8221;4.27.4&#8243; global_colors_info=&#8221;{}&#8221; button_text_size__hover_enabled=&#8221;off&#8221; button_one_text_size__hover_enabled=&#8221;off&#8221; button_two_text_size__hover_enabled=&#8221;off&#8221; button_text_color__hover_enabled=&#8221;off&#8221; button_one_text_color__hover_enabled=&#8221;off&#8221; button_two_text_color__hover_enabled=&#8221;off&#8221; button_border_width__hover_enabled=&#8221;off&#8221; button_one_border_width__hover_enabled=&#8221;off&#8221; button_two_border_width__hover_enabled=&#8221;off&#8221; button_border_color__hover_enabled=&#8221;off&#8221; button_one_border_color__hover_enabled=&#8221;off&#8221; button_two_border_color__hover_enabled=&#8221;off&#8221; button_border_radius__hover_enabled=&#8221;off&#8221; button_one_border_radius__hover_enabled=&#8221;off&#8221; button_two_border_radius__hover_enabled=&#8221;off&#8221; button_letter_spacing__hover_enabled=&#8221;off&#8221; button_one_letter_spacing__hover_enabled=&#8221;off&#8221; button_two_letter_spacing__hover_enabled=&#8221;off&#8221; button_bg_color__hover_enabled=&#8221;off&#8221; button_one_bg_color__hover_enabled=&#8221;off&#8221; button_two_bg_color__hover_enabled=&#8221;off&#8221;][\/et_pb_contact_field][\/et_pb_contact_form][\/et_pb_column][\/et_pb_row][\/et_pb_section]<\/p>\n","protected":false},"excerpt":{"rendered":"<p>\u00c1ltal\u00e1nos inform\u00e1ci\u00f3: labrisz@labrisz.hu Sajt\u00f3: sajto@labrisz.hu \u2022 Sajt\u00f3csomag Telefon: +36304893123, h\u00e9tk\u00f6znap 9-18 \u00f3ra k\u00f6z\u00f6tt Postac\u00edm: 1084 Budapest, N\u00e9met u. 16.<div class=\"et_pb_module dsm_embed_google_map dsm_embed_google_map_0\">\n\t\t\t\t\n\t\t\t\t\n\t\t\t\t\n\t\t\t\t\n\t\t\t\t\n\t\t\t\t\n\t\t\t\t<div class=\"et_pb_module_inner\">\n\t\t\t\t\t<iframe loading=\"lazy\" frameborder=\"0\" scrolling=\"no\" marginheight=\"0\" marginwidth=\"0\" referrerpolicy=\"no-referrer-when-downgrade\" src=\"https:\/\/maps.google.com\/maps?q=budapest%20n%C3%A9met%20utca%2016&amp;t=m&amp;z=13&amp;output=embed&amp;iwloc=near&hl=en_GB\" aria-label=\"budapest n\u00e9met utca 16\"><\/iframe>\n\t\t\t\t<\/div>\n\t\t\t<\/div><\/p>","protected":false},"author":1,"featured_media":0,"parent":0,"menu_order":0,"comment_status":"closed","ping_status":"closed","template":"","meta":{"_seopress_robots_primary_cat":"","_seopress_titles_title":"","_seopress_titles_desc":"","_seopress_robots_index":"","_et_pb_use_builder":"on","_et_pb_old_content":"","_et_gb_content_width":"","footnotes":""},"class_list":["post-230","page","type-page","status-publish","hentry"],"_links":{"self":[{"href":"https:\/\/labrisz.hu\/en\/wp-json\/wp\/v2\/pages\/230","targetHints":{"allow":["GET"]}}],"collection":[{"href":"https:\/\/labrisz.hu\/en\/wp-json\/wp\/v2\/pages"}],"about":[{"href":"https:\/\/labrisz.hu\/en\/wp-json\/wp\/v2\/types\/page"}],"author":[{"embeddable":true,"href":"https:\/\/labrisz.hu\/en\/wp-json\/wp\/v2\/users\/1"}],"replies":[{"embeddable":true,"href":"https:\/\/labrisz.hu\/en\/wp-json\/wp\/v2\/comments?post=230"}],"version-history":[{"count":22,"href":"https:\/\/labrisz.hu\/en\/wp-json\/wp\/v2\/pages\/230\/revisions"}],"predecessor-version":[{"id":35388,"href":"https:\/\/labrisz.hu\/en\/wp-json\/wp\/v2\/pages\/230\/revisions\/35388"}],"wp:attachment":[{"href":"https:\/\/labrisz.hu\/en\/wp-json\/wp\/v2\/media?parent=230"}],"curies":[{"name":"wp","href":"https:\/\/api.w.org\/{rel}","templated":true}]}}