{"id":254,"date":"2025-03-24T09:59:54","date_gmt":"2025-03-24T08:59:54","guid":{"rendered":"https:\/\/labrisz.hu\/?page_id=254"},"modified":"2025-09-25T08:38:59","modified_gmt":"2025-09-25T06:38:59","slug":"onkentesseg","status":"publish","type":"page","link":"https:\/\/labrisz.hu\/en\/onkentesseg\/","title":{"rendered":"Volunteering"},"content":{"rendered":"\n[et_pb_section fb_built=&#8221;1&#8243; admin_label=&#8221;Header&#8221; _builder_version=&#8221;4.25.1&#8243; _module_preset=&#8221;75a1a984-a64c-4444-a8a8-49f7810a23b8&#8243; custom_padding=&#8221;47px|||||&#8221; locked=&#8221;off&#8221; global_colors_info=&#8221;{}&#8221;][et_pb_row _builder_version=&#8221;4.27.4&#8243; _module_preset=&#8221;6f50273c-7346-42aa-aada-cf2080b53da4&#8243; use_background_color_gradient=&#8221;off&#8221; custom_padding=&#8221;14px|40px|14px|40px|true|true&#8221; make_fullwidth=&#8221;on&#8221; global_colors_info=&#8221;{%22gcid-e8b91008-1940-4879-ae56-3616297cb1f8%22:%91%22border_color_all%22%93}&#8221;][et_pb_column type=&#8221;4_4&#8243; _builder_version=&#8221;4.25.1&#8243; global_colors_info=&#8221;{}&#8221;][et_pb_heading title=&#8221;\u00d6nk\u00e9ntess\u00e9g&#8221; _builder_version=&#8221;4.27.4&#8243; _module_preset=&#8221;c84fceba-6d24-474c-9c4b-b369845da48a&#8221; width=&#8221;102.9%&#8221; custom_margin=&#8221;|||-37px||&#8221; global_colors_info=&#8221;{}&#8221;][\/et_pb_heading][et_pb_text _builder_version=&#8221;4.27.4&#8243; _module_preset=&#8221;65d59b21-0115-4eb1-9620-1cedd31bfb21&#8243; custom_margin=&#8221;|||-30px||&#8221; hover_enabled=&#8221;0&#8243; global_colors_info=&#8221;{}&#8221; sticky_enabled=&#8221;0&#8243;]<p>Ha szeretn\u00e9l bekapcsol\u00f3dni munk\u00e1nkba, tanulm\u00e1nyozd a honlapunkat, ismerkedj meg t\u00f6rt\u00e9net\u00fcnkkel, programjainkkal, kiadv\u00e1nyainkkal!<\/p>\n<p>Amennyiben azonosulni tudsz c\u00e9ljainkkal \u00e9s tetszenek a tev\u00e9kenys\u00e9geink, kapcsol\u00f3dj be az egyes\u00fclet munk\u00e1j\u00e1ba \u00f6nk\u00e9ntesk\u00e9nt: jelentkezz az <a href=\"mailto:onkentes@labrisz.hu\">onkentes@labrisz.hu<\/a> email c\u00edmen \u00f6nk\u00e9ntes koordin\u00e1torunkn\u00e1l, Feh\u00e9r Melind\u00e1n\u00e1l, \u00e9s csatlakozz az<span>\u00a0<\/span><a href=\"https:\/\/www.facebook.com\/groups\/384229511055021\">\u00f6nk\u00e9ntesek Facebook csoportj\u00e1hoz<\/a>, ahol folyamatosan megosztjuk az aktu\u00e1lis lehet\u0151s\u00e9geket.<\/p>\n<p><strong>\u00d6nk\u00e9ntesk\u00e9nt<\/strong> gy\u0171jthetsz\/ford\u00edthatsz h\u00edreket a honlap sz\u00e1m\u00e1ra, seg\u00edthetsz nek\u00fcnk a\u00a0<a href=\"\/lift-fesztival\" target=\"_blank\" rel=\"noopener\">LIFT Fesztiv\u00e1lon<\/a> vagy a szint\u00e9n \u00e9vente megrendezett <a href=\"https:\/\/lmbttortenetihonap.hu\/\" target=\"_blank\" rel=\"noopener\">LMBT T\u00f6rt\u00e9neti H\u00f3napon<\/a> programot kital\u00e1lni, szervezni, jegyet szedni, ford\u00edtani, s\u0151t, saj\u00e1t programot is szervezhetsz vel\u00fcnk! Bekapcsol\u00f3dhatsz a<span>\u00a0<\/span><a href=\"\/tabuk-nelkul-oktatasi-program\">Tabuk N\u00e9lk\u00fcl<\/a><span>\u00a0<\/span>oktat\u00e1si programunkba is, melynek keret\u00e9ben tan\u00e1rok, sz\u00fcl\u0151k \u00e9s c\u00e9gek sz\u00e1m\u00e1ra tartunk foglalkoz\u00e1sokat.<\/p>\n<p>Ha semmilyen h\u00edrr\u0151l nem szeretn\u00e9l lemaradni, iratkozz fel a<span>\u00a0<\/span><a href=\"http:\/\/old.labrisz.hu\/feliratkozas_a_levelezolistara\">labriszinfo levelez\u0151list\u00e1ra<\/a>\u00a0\u00e9s a<span>\u00a0<\/span><a href=\"https:\/\/labrisz.us18.list-manage.com\/subscribe?u=95d25a8a9f217ad1385ea50af&amp;id=4c463693a8\">h\u00edrlevel\u00fcnkre<\/a>!<\/p>\n<p>Ha szeretn\u00e9l m\u00e1s n\u0151kkel is megismerkedni \u00e9s besz\u00e9lgetni, gyere el egy<span>\u00a0<\/span>Labrisz-estre,\u00a0a<span>\u00a0<\/span>Pikk D\u00e1ma j\u00e1t\u00e9kklubba\u00a0vagy b\u00e1rmely k\u00f6z\u00f6s programunkra, melyeket a<span>\u00a0<\/span><a href=\"https:\/\/www.facebook.com\/LabriszEgyesulet\">Facebook<\/a><span>\u00a0<\/span>\u00e9s<span>\u00a0<\/span><a href=\"https:\/\/www.instagram.com\/labrisz_egyesulet\/\">Instagram<\/a><span>\u00a0<\/span>oldalunkon is k\u00f6vethetsz!<\/p>\n<p>Ha szeretn\u00e9l besz\u00e9lgetni az egyes\u00fclet tagjaival, vagy k\u00e9rd\u00e9sed van a leszbikuss\u00e1ggal kapcsolatban, \u00edrj az <a href=\"mailto:labrisz@labrisz.hu\">labrisz@labrisz.hu<\/a><span>\u00a0<\/span>e-mailc\u00edmre!<\/p>[\/et_pb_text][\/et_pb_column][\/et_pb_row][\/et_pb_section][et_pb_section fb_built=&#8221;1&#8243; admin_label=&#8221;Generic&#8221; _builder_version=&#8221;4.27.4&#8243; _module_preset=&#8221;default&#8221; background_image=&#8221;https:\/\/labrisz.hu\/wp-content\/uploads\/DSCF5567-scaled.jpg&#8221; parallax_method=&#8221;off&#8221; module_alignment=&#8221;center&#8221; min_height=&#8221;397px&#8221; custom_padding=&#8221;26px|||||&#8221; filter_saturate=&#8221;78%&#8221; filter_brightness=&#8221;127%&#8221; filter_contrast=&#8221;109%&#8221; animation_style=&#8221;fade&#8221; collapsed=&#8221;on&#8221; global_colors_info=&#8221;{}&#8221;][\/et_pb_section][et_pb_section fb_built=&#8221;1&#8243; admin_label=&#8221;Header&#8221; _builder_version=&#8221;4.25.1&#8243; _module_preset=&#8221;75a1a984-a64c-4444-a8a8-49f7810a23b8&#8243; custom_padding=&#8221;16px|||||&#8221; locked=&#8221;off&#8221; global_colors_info=&#8221;{}&#8221;][et_pb_row _builder_version=&#8221;4.27.4&#8243; _module_preset=&#8221;6f50273c-7346-42aa-aada-cf2080b53da4&#8243; use_background_color_gradient=&#8221;off&#8221; make_fullwidth=&#8221;on&#8221; global_colors_info=&#8221;{%22gcid-e8b91008-1940-4879-ae56-3616297cb1f8%22:%91%22border_color_all%22%93}&#8221;][et_pb_column type=&#8221;4_4&#8243; _builder_version=&#8221;4.25.1&#8243; global_colors_info=&#8221;{}&#8221;][et_pb_heading title=&#8221;Tags\u00e1g&#8221; _builder_version=&#8221;4.27.4&#8243; _module_preset=&#8221;default&#8221; title_font=&#8221;&#8211;et_global_heading_font||||||||&#8221; title_font_size=&#8221;70px&#8221; global_colors_info=&#8221;{}&#8221;][\/et_pb_heading][et_pb_text _builder_version=&#8221;4.27.4&#8243; _module_preset=&#8221;65d59b21-0115-4eb1-9620-1cedd31bfb21&#8243; global_colors_info=&#8221;{}&#8221;]<p>A Labrisz<span>\u00a0<\/span><strong>rendes vagy p\u00e1rtol\u00f3 tagj\u00e1v\u00e1<\/strong><span>\u00a0<\/span>is v\u00e1lhatsz, ha \u00fagy \u00e9rzed, akt\u00edvan szeretn\u00e9l tenni a k\u00f6z\u00f6ss\u00e9g\u00e9rt, seg\u00edten\u00e9d a jelenlegi munk\u00e1nkat vagy \u00faj k\u00f6z\u00f6ss\u00e9gi \u00f6tleteidet szeretn\u00e9d szervezett form\u00e1ban megval\u00f3s\u00edtani. K\u00e9rj\u00fck, jelezd az \u00e9rdekl\u0151d\u00e9sedet programjainkon vagy emailben. A tagfelv\u00e9tel nem automatikus, hanem egy kb. f\u00e9l \u00e9ves id\u0151szak el\u0151zi meg, amely sor\u00e1n bekapcsol\u00f3dhatsz az egyes\u00fclet mindennapos munk\u00e1j\u00e1ba, jobban megismerheted a Labrisz m\u0171k\u00f6d\u00e9s\u00e9t \u00e9s tagjait, r\u00e9szt vehetsz a havi megbesz\u00e9l\u00e9seken, \u00e9s feladatokat v\u00e1llalhatsz. Ha e peri\u00f3dus v\u00e9g\u00e9n \u00fagy l\u00e1tod, azonosulni tudsz a szervezet alapelveivel, megtal\u00e1lod a helyed a szervezetben \u00e9s sz\u00edvesen v\u00e9gzel akt\u00edv munk\u00e1t a leszbikus k\u00f6z\u00f6ss\u00e9g\u00e9rt, \u00e9s a tagok is \u00fagy \u00e9rzik, sz\u00edvesen dolgozn\u00e1nak veled egy\u00fctt, a k\u00f6vetkez\u0151 k\u00f6zgy\u0171l\u00e9sen hivatalosan is a Labrisz tagj\u00e1v\u00e1 v\u00e1lhatsz. A tags\u00e1ggal kapcsolatban \u00edrj nek\u00fcnk az <a href=\"mailto:labrisz@labrisz.hu\">labrisz@labrisz.hu<\/a> e-mail c\u00edmre!<\/p>\n<p>\u00d6r\u00f6mmel v\u00e1rjuk a jelentkez\u00e9sed!<\/p>[\/et_pb_text][\/et_pb_column][\/et_pb_row][\/et_pb_section]\n","protected":false},"excerpt":{"rendered":"<p>Ha szeretn\u00e9l bekapcsol\u00f3dni munk\u00e1nkba, tanulm\u00e1nyozd a honlapunkat, ismerkedj meg t\u00f6rt\u00e9net\u00fcnkkel, programjainkkal, kiadv\u00e1nyainkkal! Amennyiben azonosulni tudsz c\u00e9ljainkkal \u00e9s tetszenek a tev\u00e9kenys\u00e9geink, kapcsol\u00f3dj be az egyes\u00fclet munk\u00e1j\u00e1ba \u00f6nk\u00e9ntesk\u00e9nt: jelentkezz az onkentes@labrisz.hu email c\u00edmen \u00f6nk\u00e9ntes koordin\u00e1torunkn\u00e1l, Feh\u00e9r Melind\u00e1n\u00e1l, \u00e9s csatlakozz az\u00a0\u00f6nk\u00e9ntesek Facebook csoportj\u00e1hoz, ahol folyamatosan megosztjuk az aktu\u00e1lis lehet\u0151s\u00e9geket. \u00d6nk\u00e9ntesk\u00e9nt gy\u0171jthetsz\/ford\u00edthatsz h\u00edreket a honlap sz\u00e1m\u00e1ra, seg\u00edthetsz nek\u00fcnk a\u00a0LIFT Fesztiv\u00e1lon vagy a szint\u00e9n \u00e9vente megrendezett LMBT T\u00f6rt\u00e9neti H\u00f3napon programot kital\u00e1lni, szervezni, jegyet szedni, ford\u00edtani, s\u0151t, saj\u00e1t programot is szervezhetsz vel\u00fcnk! Bekapcsol\u00f3dhatsz a\u00a0Tabuk N\u00e9lk\u00fcl\u00a0oktat\u00e1si programunkba is, melynek keret\u00e9ben tan\u00e1rok, sz\u00fcl\u0151k \u00e9s c\u00e9gek sz\u00e1m\u00e1ra tartunk foglalkoz\u00e1sokat. Ha semmilyen h\u00edrr\u0151l nem szeretn\u00e9l lemaradni, iratkozz fel a\u00a0labriszinfo levelez\u0151list\u00e1ra\u00a0\u00e9s a\u00a0h\u00edrlevel\u00fcnkre! Ha szeretn\u00e9l m\u00e1s n\u0151kkel is megismerkedni \u00e9s besz\u00e9lgetni, gyere el egy\u00a0Labrisz-estre,\u00a0a\u00a0Pikk D\u00e1ma j\u00e1t\u00e9kklubba\u00a0vagy b\u00e1rmely k\u00f6z\u00f6s programunkra, melyeket a\u00a0Facebook\u00a0\u00e9s\u00a0Instagram\u00a0oldalunkon is k\u00f6vethetsz! Ha szeretn\u00e9l besz\u00e9lgetni az egyes\u00fclet tagjaival, vagy k\u00e9rd\u00e9sed van a leszbikuss\u00e1ggal kapcsolatban, \u00edrj az labrisz@labrisz.hu\u00a0e-mailc\u00edmre!A Labrisz\u00a0rendes vagy p\u00e1rtol\u00f3 tagj\u00e1v\u00e1\u00a0is v\u00e1lhatsz, ha \u00fagy \u00e9rzed, akt\u00edvan szeretn\u00e9l tenni a k\u00f6z\u00f6ss\u00e9g\u00e9rt, seg\u00edten\u00e9d a jelenlegi munk\u00e1nkat vagy \u00faj k\u00f6z\u00f6ss\u00e9gi \u00f6tleteidet szeretn\u00e9d szervezett form\u00e1ban megval\u00f3s\u00edtani. K\u00e9rj\u00fck, jelezd az \u00e9rdekl\u0151d\u00e9sedet programjainkon vagy emailben. A tagfelv\u00e9tel nem automatikus, hanem egy kb. f\u00e9l \u00e9ves id\u0151szak el\u0151zi meg, amely sor\u00e1n bekapcsol\u00f3dhatsz az egyes\u00fclet mindennapos munk\u00e1j\u00e1ba, jobban megismerheted a Labrisz m\u0171k\u00f6d\u00e9s\u00e9t \u00e9s tagjait, r\u00e9szt vehetsz a havi megbesz\u00e9l\u00e9seken, \u00e9s [&hellip;]<\/p>\n","protected":false},"author":1,"featured_media":0,"parent":0,"menu_order":0,"comment_status":"closed","ping_status":"closed","template":"","meta":{"_seopress_robots_primary_cat":"","_seopress_titles_title":"","_seopress_titles_desc":"","_seopress_robots_index":"","_et_pb_use_builder":"on","_et_pb_old_content":"","_et_gb_content_width":"","footnotes":""},"class_list":["post-254","page","type-page","status-publish","hentry"],"_links":{"self":[{"href":"https:\/\/labrisz.hu\/en\/wp-json\/wp\/v2\/pages\/254","targetHints":{"allow":["GET"]}}],"collection":[{"href":"https:\/\/labrisz.hu\/en\/wp-json\/wp\/v2\/pages"}],"about":[{"href":"https:\/\/labrisz.hu\/en\/wp-json\/wp\/v2\/types\/page"}],"author":[{"embeddable":true,"href":"https:\/\/labrisz.hu\/en\/wp-json\/wp\/v2\/users\/1"}],"replies":[{"embeddable":true,"href":"https:\/\/labrisz.hu\/en\/wp-json\/wp\/v2\/comments?post=254"}],"version-history":[{"count":20,"href":"https:\/\/labrisz.hu\/en\/wp-json\/wp\/v2\/pages\/254\/revisions"}],"predecessor-version":[{"id":35541,"href":"https:\/\/labrisz.hu\/en\/wp-json\/wp\/v2\/pages\/254\/revisions\/35541"}],"wp:attachment":[{"href":"https:\/\/labrisz.hu\/en\/wp-json\/wp\/v2\/media?parent=254"}],"curies":[{"name":"wp","href":"https:\/\/api.w.org\/{rel}","templated":true}]}}