{"id":258,"date":"2025-03-24T09:59:54","date_gmt":"2025-03-24T08:59:54","guid":{"rendered":"https:\/\/labrisz.hu\/?page_id=258"},"modified":"2025-09-03T15:20:14","modified_gmt":"2025-09-03T13:20:14","slug":"1-2","status":"publish","type":"page","link":"https:\/\/labrisz.hu\/en\/1-2\/","title":{"rendered":"SZJA 1%"},"content":{"rendered":"<p>[et_pb_section fb_built=&#8221;1&#8243; admin_label=&#8221;Generic&#8221; _builder_version=&#8221;4.25.1&#8243; _module_preset=&#8221;default&#8221; custom_padding=&#8221;||62px|||&#8221; collapsed=&#8221;on&#8221; global_colors_info=&#8221;{}&#8221;][et_pb_row _builder_version=&#8221;4.25.1&#8243; _module_preset=&#8221;default&#8221; global_colors_info=&#8221;{}&#8221;][et_pb_column type=&#8221;4_4&#8243; _builder_version=&#8221;4.25.1&#8243; _module_preset=&#8221;default&#8221; global_colors_info=&#8221;{}&#8221;][et_pb_heading title=&#8221;SZJA 1% felaj\u00e1nl\u00e1s&#8221; _builder_version=&#8221;4.27.4&#8243; _module_preset=&#8221;c84fceba-6d24-474c-9c4b-b369845da48a&#8221; global_colors_info=&#8221;{}&#8221;][\/et_pb_heading][et_pb_blurb title=&#8221;Ad\u00f3sz\u00e1munk: 18169012-1-42&#8243; use_icon=&#8221;on&#8221; font_icon=&#8221;&#xe608;||divi||400&#8243; icon_placement=&#8221;left&#8221; _builder_version=&#8221;4.27.4&#8243; _module_preset=&#8221;default&#8221; header_level=&#8221;h1&#8243; header_font=&#8221;&#8211;et_global_heading_font|700||on|||||&#8221; header_font_size=&#8221;27px&#8221; header_letter_spacing=&#8221;0em&#8221; global_colors_info=&#8221;{}&#8221;][\/et_pb_blurb][et_pb_text _builder_version=&#8221;4.27.4&#8243; _module_preset=&#8221;65d59b21-0115-4eb1-9620-1cedd31bfb21&#8243; global_colors_info=&#8221;{}&#8221;]<\/p>\n<p><strong>K\u00f6sz\u00f6nj\u00fck, ha felaj\u00e1nlod nek\u00fcnk ad\u00f3d 1%-\u00e1t! Seg\u00edts\u00e9geddel tov\u00e1bb tudjuk m\u0171k\u00f6dtetni egyes\u00fclet\u00fcnket \u00e9s programjainkat.<\/strong><\/p>\n<p><span style=\"font-weight: 400;\">B\u00e1rki, aki Magyarorsz\u00e1gon fizet ad\u00f3t, d\u00f6nthet \u00fagy id\u00e9n is, hogy az \u00f6sszevont ad\u00f3alap ut\u00e1n befizetett szem\u00e9lyi j\u00f6vedelemad\u00f3j\u00e1nak 1 sz\u00e1zal\u00e9k\u00e1t felaj\u00e1nlja egy regisztr\u00e1lt civilszervezetnek. Az szja 1+1%-\u00e1r\u00f3l \u2013 f\u00fcggetlen\u00fcl az szja-bevall\u00e1s m\u00f3dj\u00e1t\u00f3l \u2013 a bevall\u00e1ssal egy\u00fctt vagy k\u00fcl\u00f6n is lehet rendelkezni.<\/span><\/p>\n<p><strong>A nyilatkozat legegyszer\u0171bben elektronikusan ny\u00fajthat\u00f3 be:<\/strong><\/p>\n<ul>\n<li>az <a href=\"https:\/\/eszja.nav.gov.hu\/app\/login\/#login\">eSZJA webes fel\u00fcleten<\/a>, online kit\u00f6ltve vagy<\/li>\n<li>az \u00c1NYK-ban a bevall\u00e1ssal egy\u00fctt, annak EGYSZA-lapj\u00e1t is kit\u00f6ltve vagy<br \/>k\u00fcl\u00f6n, a 24EGYSZA-nyomtatv\u00e1ny kit\u00f6lt\u00e9s\u00e9vel.<\/li>\n<\/ul>\n<p><strong>Pap\u00edralapon beny\u00fajthat\u00f3<\/strong> <span style=\"font-weight: 400;\">post\u00e1n kereszt\u00fcl, vagy szem\u00e9lyesen, illetve meghatalmazott \u00e1ltal, lez\u00e1rt bor\u00edt\u00e9kban a NAV \u00fcgyf\u00e9lszolg\u00e1latain a szem\u00e9lyi j\u00f6vedelemad\u00f3-bevall\u00e1ssal egy\u00fctt, annak EGYSZA-lapj\u00e1t is kit\u00f6ltve,<\/span><\/p>\n<ul>\n<li>az e-SZJA-fel\u00fclet kit\u00f6lt\u0151programj\u00e1val k\u00e9sz\u00edtett \u00e9s kinyomtatott nyilatkozaton,<\/li>\n<li><span style=\"font-weight: 400;\">24EGYSZA jel\u0171 nyomtatv\u00e1nyon, lez\u00e1rt bor\u00edt\u00e9kban leadva a munk\u00e1ltat\u00f3nak, ha az v\u00e1llalja a nyilatkozatok \u00f6sszegy\u0171jt\u00e9s\u00e9t. A bor\u00edt\u00e9kon a leragaszt\u00e1s hely\u00e9n szerepelnie kell a felaj\u00e1nl\u00f3 al\u00e1\u00edr\u00e1s\u00e1nak.<\/span><\/li>\n<\/ul>\n<p><span style=\"font-weight: 400;\">Ha a nyilatkozatokat eseti meghatalmazott ny\u00fajtja be, csatolni kell a meghatalmaz\u00e1st is.<\/span><\/p>\n<p><span style=\"font-weight: 400;\">A m\u00e1jus 20-ai hat\u00e1rid\u0151 jogveszt\u0151. Ez azt jelenti, hogy ha valaki m\u00e1jus 20. ut\u00e1n rendelkezik befizetett szem\u00e9lyi j\u00f6vedelemad\u00f3ja 1+1%-\u00e1r\u00f3l, a rendelkez\u00e9se \u00e9rv\u00e9nytelen, \u00e9s a k\u00e9sedelem igazol\u00e1si k\u00e9relemmel sem menthet\u0151 ki.<\/span><\/p>\n<p><span style=\"font-weight: 400;\">A civil kedvezm\u00e9nyezettek jav\u00e1ra tov\u00e1bbra is \u00e9venk\u00e9nt kell nyilatkozni, mivel ezeket a felaj\u00e1nl\u00e1sokat csak egy alkalommal, a rendelkez\u00e9s \u00e9v\u00e9ben veheti figyelembe a NAV.<\/span><\/p>\n<p>[\/et_pb_text][\/et_pb_column][\/et_pb_row][\/et_pb_section]<\/p>\n","protected":false},"excerpt":{"rendered":"<p>K\u00f6sz\u00f6nj\u00fck, ha felaj\u00e1nlod nek\u00fcnk ad\u00f3d 1%-\u00e1t! Seg\u00edts\u00e9geddel tov\u00e1bb tudjuk m\u0171k\u00f6dtetni egyes\u00fclet\u00fcnket \u00e9s programjainkat. B\u00e1rki, aki Magyarorsz\u00e1gon fizet ad\u00f3t, d\u00f6nthet \u00fagy id\u00e9n is, hogy az \u00f6sszevont ad\u00f3alap ut\u00e1n befizetett szem\u00e9lyi j\u00f6vedelemad\u00f3j\u00e1nak 1 sz\u00e1zal\u00e9k\u00e1t felaj\u00e1nlja egy regisztr\u00e1lt civilszervezetnek. Az szja 1+1%-\u00e1r\u00f3l \u2013 f\u00fcggetlen\u00fcl az szja-bevall\u00e1s m\u00f3dj\u00e1t\u00f3l \u2013 a bevall\u00e1ssal egy\u00fctt vagy k\u00fcl\u00f6n is lehet rendelkezni. A nyilatkozat legegyszer\u0171bben elektronikusan ny\u00fajthat\u00f3 be: az eSZJA webes fel\u00fcleten, online kit\u00f6ltve vagy az \u00c1NYK-ban a bevall\u00e1ssal egy\u00fctt, annak EGYSZA-lapj\u00e1t is kit\u00f6ltve vagyk\u00fcl\u00f6n, a 24EGYSZA-nyomtatv\u00e1ny kit\u00f6lt\u00e9s\u00e9vel. Pap\u00edralapon beny\u00fajthat\u00f3 post\u00e1n kereszt\u00fcl, vagy szem\u00e9lyesen, illetve meghatalmazott \u00e1ltal, lez\u00e1rt bor\u00edt\u00e9kban a NAV \u00fcgyf\u00e9lszolg\u00e1latain a szem\u00e9lyi j\u00f6vedelemad\u00f3-bevall\u00e1ssal egy\u00fctt, annak EGYSZA-lapj\u00e1t is kit\u00f6ltve, az e-SZJA-fel\u00fclet kit\u00f6lt\u0151programj\u00e1val k\u00e9sz\u00edtett \u00e9s kinyomtatott nyilatkozaton, 24EGYSZA jel\u0171 nyomtatv\u00e1nyon, lez\u00e1rt bor\u00edt\u00e9kban leadva a munk\u00e1ltat\u00f3nak, ha az v\u00e1llalja a nyilatkozatok \u00f6sszegy\u0171jt\u00e9s\u00e9t. A bor\u00edt\u00e9kon a leragaszt\u00e1s hely\u00e9n szerepelnie kell a felaj\u00e1nl\u00f3 al\u00e1\u00edr\u00e1s\u00e1nak. Ha a nyilatkozatokat eseti meghatalmazott ny\u00fajtja be, csatolni kell a meghatalmaz\u00e1st is. A m\u00e1jus 20-ai hat\u00e1rid\u0151 jogveszt\u0151. Ez azt jelenti, hogy ha valaki m\u00e1jus 20. ut\u00e1n rendelkezik befizetett szem\u00e9lyi j\u00f6vedelemad\u00f3ja 1+1%-\u00e1r\u00f3l, a rendelkez\u00e9se \u00e9rv\u00e9nytelen, \u00e9s a k\u00e9sedelem igazol\u00e1si k\u00e9relemmel sem menthet\u0151 ki. A civil kedvezm\u00e9nyezettek jav\u00e1ra tov\u00e1bbra is \u00e9venk\u00e9nt kell nyilatkozni, mivel ezeket a felaj\u00e1nl\u00e1sokat csak egy alkalommal, a rendelkez\u00e9s \u00e9v\u00e9ben veheti figyelembe a NAV.<\/p>","protected":false},"author":1,"featured_media":0,"parent":0,"menu_order":0,"comment_status":"closed","ping_status":"closed","template":"","meta":{"_seopress_robots_primary_cat":"","_seopress_titles_title":"","_seopress_titles_desc":"","_seopress_robots_index":"","_et_pb_use_builder":"on","_et_pb_old_content":"","_et_gb_content_width":"","footnotes":""},"class_list":["post-258","page","type-page","status-publish","hentry"],"_links":{"self":[{"href":"https:\/\/labrisz.hu\/en\/wp-json\/wp\/v2\/pages\/258","targetHints":{"allow":["GET"]}}],"collection":[{"href":"https:\/\/labrisz.hu\/en\/wp-json\/wp\/v2\/pages"}],"about":[{"href":"https:\/\/labrisz.hu\/en\/wp-json\/wp\/v2\/types\/page"}],"author":[{"embeddable":true,"href":"https:\/\/labrisz.hu\/en\/wp-json\/wp\/v2\/users\/1"}],"replies":[{"embeddable":true,"href":"https:\/\/labrisz.hu\/en\/wp-json\/wp\/v2\/comments?post=258"}],"version-history":[{"count":10,"href":"https:\/\/labrisz.hu\/en\/wp-json\/wp\/v2\/pages\/258\/revisions"}],"predecessor-version":[{"id":35399,"href":"https:\/\/labrisz.hu\/en\/wp-json\/wp\/v2\/pages\/258\/revisions\/35399"}],"wp:attachment":[{"href":"https:\/\/labrisz.hu\/en\/wp-json\/wp\/v2\/media?parent=258"}],"curies":[{"name":"wp","href":"https:\/\/api.w.org\/{rel}","templated":true}]}}