{"id":34009,"date":"2025-06-04T09:06:32","date_gmt":"2025-06-04T07:06:32","guid":{"rendered":"https:\/\/labrisz.hu\/penztar\/"},"modified":"2026-01-25T21:26:58","modified_gmt":"2026-01-25T20:26:58","slug":"adomany","status":"publish","type":"page","link":"https:\/\/labrisz.hu\/en\/adomany\/","title":{"rendered":"Donations"},"content":{"rendered":"<p>[et_pb_section fb_built=&#8221;1&#8243; admin_label=&#8221;Generic&#8221; _builder_version=&#8221;4.25.1&#8243; _module_preset=&#8221;default&#8221; custom_padding=&#8221;10px|||||&#8221; collapsed=&#8221;off&#8221; global_colors_info=&#8221;{}&#8221;][et_pb_row _builder_version=&#8221;4.27.4&#8243; _module_preset=&#8221;default&#8221; global_colors_info=&#8221;{}&#8221;][et_pb_column type=&#8221;4_4&#8243; _builder_version=&#8221;4.27.4&#8243; _module_preset=&#8221;default&#8221; global_colors_info=&#8221;{}&#8221;][et_pb_heading title=&#8221;Adom\u00e1nyoz\u00e1s&#8221; _builder_version=&#8221;4.27.4&#8243; _module_preset=&#8221;default&#8221; title_font=&#8221;&#8211;et_global_heading_font||||||||&#8221; title_font_size=&#8221;80px&#8221; custom_margin=&#8221;||17px|||&#8221; global_colors_info=&#8221;{}&#8221;][\/et_pb_heading][et_pb_text _builder_version=&#8221;4.27.4&#8243; _module_preset=&#8221;default&#8221; custom_margin=&#8221;||-7px|||&#8221; global_colors_info=&#8221;{}&#8221;]<\/p>\n<p>K\u00f6sz\u00f6nj\u00fck, ha adom\u00e1nnyal is hozz\u00e1j\u00e1rulsz egyes\u00fclet\u00fcnk m\u0171k\u00f6d\u00e9s\u00e9hez! Az al\u00e1bbi m\u00f3dokon tudsz adom\u00e1nnyal t\u00e1mogatni minket:<\/p>\n<p>[\/et_pb_text][\/et_pb_column][\/et_pb_row][et_pb_row disabled_on=&#8221;on|on|on&#8221; _builder_version=&#8221;4.27.4&#8243; _module_preset=&#8221;default&#8221; custom_padding=&#8221;||5px|||&#8221; hover_enabled=&#8221;0&#8243; collapsed=&#8221;off&#8221; global_colors_info=&#8221;{}&#8221; disabled=&#8221;on&#8221; sticky_enabled=&#8221;0&#8243;][et_pb_column type=&#8221;4_4&#8243; _builder_version=&#8221;4.27.4&#8243; _module_preset=&#8221;default&#8221; global_colors_info=&#8221;{}&#8221;][et_pb_heading title=&#8221;Online bankk\u00e1rty\u00e1s adom\u00e1nyoz\u00e1s&#8221; _builder_version=&#8221;4.27.4&#8243; _module_preset=&#8221;default&#8221; title_font=&#8221;&#8211;et_global_body_font||||||||&#8221; global_colors_info=&#8221;{}&#8221;][\/et_pb_heading][et_pb_code _builder_version=&#8221;4.27.4&#8243; _module_preset=&#8221;default&#8221; module_alignment=&#8221;center&#8221; custom_margin=&#8221;||21px|25px||&#8221; global_colors_info=&#8221;{}&#8221;]<ul class=\"woocommerce-error wcdp-error-message\" id=\"wcdp-ajax-error\" role=\"alert\"><li>In the current view, the donation form is not available.<\/li><\/ul>[\/et_pb_code][\/et_pb_column][\/et_pb_row][et_pb_row _builder_version=&#8221;4.27.4&#8243; _module_preset=&#8221;default&#8221; global_colors_info=&#8221;{}&#8221;][et_pb_column type=&#8221;4_4&#8243; _builder_version=&#8221;4.27.4&#8243; _module_preset=&#8221;default&#8221; global_colors_info=&#8221;{}&#8221;][et_pb_heading title=&#8221;PayPal&#8221; _builder_version=&#8221;4.27.4&#8243; _module_preset=&#8221;default&#8221; title_font=&#8221;&#8211;et_global_body_font||||||||&#8221; custom_margin=&#8221;||17px|||&#8221; global_colors_info=&#8221;{}&#8221;][\/et_pb_heading][et_pb_text _builder_version=&#8221;4.27.4&#8243; _module_preset=&#8221;default&#8221; custom_margin=&#8221;7px|-36px|2px|||&#8221; custom_padding=&#8221;||0px|||&#8221; global_colors_info=&#8221;{}&#8221;]<\/p>\n<p><span style=\"font-weight: 400;\">Egyes\u00fclet\u00fcnk az internet legelterjedtebb \u00e9s legbiztons\u00e1gosabb online fizet\u00e9si rendszer\u00e9n, a Paypal-on kereszt\u00fcl is fogad t\u00e1mogat\u00e1sokat. A t\u00e1mogat\u00e1si tranzakci\u00f3 128 bites SSL titkos\u00edt\u00e1ssal t\u00f6rt\u00e9nik. Ha rendelkezel Paypal fi\u00f3kkal, t\u00e1mogathatsz benn\u00fcnket k\u00f6zvetlen\u00fcl Paypal-on kereszt\u00fcl, de lehet\u0151s\u00e9ged van online bankk\u00e1rty\u00e1s adom\u00e1nyoz\u00e1sra is.<\/span><\/p>\n<p><span style=\"font-weight: 400;\">A Paypal internetes fizet\u00e9si rendszere \u2013 k\u00f6zvetlen bankk\u00e1rty\u00e1s tranzakci\u00f3 eset\u00e9n \u2013 a MasterCard, a VISA term\u00e9kcsal\u00e1dba tartoz\u00f3 VISA \u00e9s VISA Electron (az Electronn\u00e1l csak abban az esetben, ha azt a kibocs\u00e1t\u00f3 bank enged\u00e9lyezi) bankk\u00e1rty\u00e1k haszn\u00e1lat\u00e1t teszi lehet\u0151v\u00e9.<\/span><\/p>\n<p><span style=\"font-weight: 400;\">A \u201cPaypal adom\u00e1ny\u201d felirat\u00fa gombra val\u00f3 kattint\u00e1s ut\u00e1n:<\/span><\/p>\n<ol>\n<li><span style=\"font-weight: 400;\">K\u00e9rj\u00fck, \u00edrd be a 0 Ft hely\u00e9re az adom\u00e1nyoz\u00e1sra sz\u00e1nt \u00f6sszeget (forintban), majd nyomd meg a \u201cTov\u00e1bb\u201d gombot. Az itt megadott adatokat Egyes\u00fclet\u00fcnk kiz\u00e1r\u00f3lag az adom\u00e1nyoz\u00e1ssal kapcsolatban haszn\u00e1lja fel \u00e9s a Te kifejezett hozz\u00e1j\u00e1rul\u00e1sod n\u00e9lk\u00fcl senkinek nem adja tov\u00e1bb.<\/span><\/li>\n<li style=\"font-weight: 400;\" aria-level=\"1\"><span style=\"font-weight: 400;\">A Paypal biztons\u00e1gos fizet\u00e9st garant\u00e1l\u00f3 oldal\u00e1n a fizet\u00e9s megkezd\u00e9s\u00e9hez be kell l\u00e9pned a Paypal rendszer\u00e9be \u2013 ha rendelkezel Paypal fi\u00f3kkal Ha nem rendelkezel Paypal fi\u00f3kkal, akkor nyitnod kell egyet.<\/span><\/li>\n<li style=\"font-weight: 400;\" aria-level=\"1\"><span style=\"font-weight: 400;\">A fizet\u00e9st k\u00f6vet\u0151en visszat\u00e9rsz az Egyes\u00fclet oldal\u00e1ra, ahol a tranzakci\u00f3 eredm\u00e9ny\u00e9r\u0151l kapsz visszaigazol\u00e1st.<\/span><\/li>\n<\/ol>\n<ol><\/ol>\n<p>[\/et_pb_text][et_pb_button button_url=&#8221;https:\/\/www.paypal.com\/donate\/?hosted_button_id=DE37NHWM6UFLJ&#038;no_recurring=0&#038;currency_code=HUF&#8221; url_new_window=&#8221;on&#8221; button_text=&#8221;Paypal adom\u00e1ny&#8221; button_alignment=&#8221;left&#8221; _builder_version=&#8221;4.27.4&#8243; _module_preset=&#8221;default&#8221; custom_button=&#8221;off&#8221; custom_margin=&#8221;5px|||||&#8221; sticky_position=&#8221;top&#8221; sticky_limit_bottom=&#8221;row&#8221; global_colors_info=&#8221;{}&#8221;][\/et_pb_button][\/et_pb_column][\/et_pb_row][et_pb_row _builder_version=&#8221;4.27.4&#8243; _module_preset=&#8221;default&#8221; global_colors_info=&#8221;{}&#8221;][et_pb_column type=&#8221;4_4&#8243; _builder_version=&#8221;4.27.4&#8243; _module_preset=&#8221;default&#8221; global_colors_info=&#8221;{}&#8221;][et_pb_text _builder_version=&#8221;4.27.4&#8243; _module_preset=&#8221;default&#8221; global_colors_info=&#8221;{}&#8221;]<\/p>\n<h2>Banki utal\u00e1s<\/h2>\n<p><strong><\/strong><\/p>\n<p><strong>Amennyiben banki \u00e1tutal\u00e1ssal szeretn\u00e9l minket t\u00e1mogatni, a k\u00f6zlem\u00e9nybe \u00edrd bele, hogy &#8222;adom\u00e1ny&#8221;!<\/strong><\/p>\n<p><strong>Sz\u00e1mlasz\u00e1m:<\/strong> 16200223-10043110 (MagNet Magyar K\u00f6z\u00f6ss\u00e9gi Bank Zrt.)<br \/><strong>IBAN (nemzetk\u00f6zi sz\u00e1mlasz\u00e1m):<\/strong> HU80 16200223-10043110-00000000<br \/><strong>SWIFT k\u00f3d:<\/strong> HBWEHUHB<\/p>\n<p><strong>Euro-banksz\u00e1mlasz\u00e1m:<\/strong> BE26-9671-8457-7929 SWIFT\/BIC k\u00f3d: TRWIBEB1XXX (Wise Europe SA)<\/p>\n<ol><\/ol>\n<p>[\/et_pb_text][\/et_pb_column][\/et_pb_row][\/et_pb_section]<\/p>\n","protected":false},"excerpt":{"rendered":"<p>K\u00f6sz\u00f6nj\u00fck, ha adom\u00e1nnyal is hozz\u00e1j\u00e1rulsz egyes\u00fclet\u00fcnk m\u0171k\u00f6d\u00e9s\u00e9hez! Az al\u00e1bbi m\u00f3dokon tudsz adom\u00e1nnyal t\u00e1mogatni minket:<p class=\"wcdp-error-message\">Only one donation form per page allowed<\/p>Egyes\u00fclet\u00fcnk az internet legelterjedtebb \u00e9s legbiztons\u00e1gosabb online fizet\u00e9si rendszer\u00e9n, a Paypal-on kereszt\u00fcl is fogad t\u00e1mogat\u00e1sokat. A t\u00e1mogat\u00e1si tranzakci\u00f3 128 bites SSL titkos\u00edt\u00e1ssal t\u00f6rt\u00e9nik. Ha rendelkezel Paypal fi\u00f3kkal, t\u00e1mogathatsz benn\u00fcnket k\u00f6zvetlen\u00fcl Paypal-on kereszt\u00fcl, de lehet\u0151s\u00e9ged van online bankk\u00e1rty\u00e1s adom\u00e1nyoz\u00e1sra is. A Paypal internetes fizet\u00e9si rendszere \u2013 k\u00f6zvetlen bankk\u00e1rty\u00e1s tranzakci\u00f3 eset\u00e9n \u2013 a MasterCard, a VISA term\u00e9kcsal\u00e1dba tartoz\u00f3 VISA \u00e9s VISA Electron (az Electronn\u00e1l csak abban az esetben, ha azt a kibocs\u00e1t\u00f3 bank enged\u00e9lyezi) bankk\u00e1rty\u00e1k haszn\u00e1lat\u00e1t teszi lehet\u0151v\u00e9. A \u201cPaypal adom\u00e1ny\u201d felirat\u00fa gombra val\u00f3 kattint\u00e1s ut\u00e1n: K\u00e9rj\u00fck, \u00edrd be a 0 Ft hely\u00e9re az adom\u00e1nyoz\u00e1sra sz\u00e1nt \u00f6sszeget (forintban), majd nyomd meg a \u201cTov\u00e1bb\u201d gombot. Az itt megadott adatokat Egyes\u00fclet\u00fcnk kiz\u00e1r\u00f3lag az adom\u00e1nyoz\u00e1ssal kapcsolatban haszn\u00e1lja fel \u00e9s a Te kifejezett hozz\u00e1j\u00e1rul\u00e1sod n\u00e9lk\u00fcl senkinek nem adja tov\u00e1bb. A Paypal biztons\u00e1gos fizet\u00e9st garant\u00e1l\u00f3 oldal\u00e1n a fizet\u00e9s megkezd\u00e9s\u00e9hez be kell l\u00e9pned a Paypal rendszer\u00e9be \u2013 ha rendelkezel Paypal fi\u00f3kkal Ha nem rendelkezel Paypal fi\u00f3kkal, akkor nyitnod kell egyet. A fizet\u00e9st k\u00f6vet\u0151en visszat\u00e9rsz az Egyes\u00fclet oldal\u00e1ra, ahol a tranzakci\u00f3 eredm\u00e9ny\u00e9r\u0151l kapsz visszaigazol\u00e1st. Banki utal\u00e1s Amennyiben banki \u00e1tutal\u00e1ssal szeretn\u00e9l minket t\u00e1mogatni, a k\u00f6zlem\u00e9nybe \u00edrd bele, hogy &#8222;adom\u00e1ny&#8221;! Sz\u00e1mlasz\u00e1m: 16200223-10043110 (MagNet Magyar K\u00f6z\u00f6ss\u00e9gi Bank Zrt.)IBAN [&hellip;]<\/p>\n","protected":false},"author":1,"featured_media":0,"parent":0,"menu_order":0,"comment_status":"closed","ping_status":"closed","template":"","meta":{"_seopress_robots_primary_cat":"","_seopress_titles_title":"","_seopress_titles_desc":"","_seopress_robots_index":"","_et_pb_use_builder":"on","_et_pb_old_content":"<!-- wp:woocommerce\/checkout -->\n<div class=\"wp-block-woocommerce-checkout alignwide wc-block-checkout is-loading\"><!-- wp:woocommerce\/checkout-fields-block -->\n<div class=\"wp-block-woocommerce-checkout-fields-block\"><!-- wp:woocommerce\/checkout-express-payment-block -->\n<div class=\"wp-block-woocommerce-checkout-express-payment-block\"><\/div>\n<!-- \/wp:woocommerce\/checkout-express-payment-block -->\n\n<!-- wp:woocommerce\/checkout-contact-information-block -->\n<div class=\"wp-block-woocommerce-checkout-contact-information-block\"><\/div>\n<!-- \/wp:woocommerce\/checkout-contact-information-block -->\n\n<!-- wp:woocommerce\/checkout-shipping-method-block -->\n<div class=\"wp-block-woocommerce-checkout-shipping-method-block\"><\/div>\n<!-- \/wp:woocommerce\/checkout-shipping-method-block -->\n\n<!-- wp:woocommerce\/checkout-pickup-options-block -->\n<div class=\"wp-block-woocommerce-checkout-pickup-options-block\"><\/div>\n<!-- \/wp:woocommerce\/checkout-pickup-options-block -->\n\n<!-- wp:woocommerce\/checkout-shipping-address-block -->\n<div class=\"wp-block-woocommerce-checkout-shipping-address-block\"><\/div>\n<!-- \/wp:woocommerce\/checkout-shipping-address-block -->\n\n<!-- wp:woocommerce\/checkout-billing-address-block -->\n<div class=\"wp-block-woocommerce-checkout-billing-address-block\"><\/div>\n<!-- \/wp:woocommerce\/checkout-billing-address-block -->\n\n<!-- wp:woocommerce\/checkout-shipping-methods-block -->\n<div class=\"wp-block-woocommerce-checkout-shipping-methods-block\"><\/div>\n<!-- \/wp:woocommerce\/checkout-shipping-methods-block -->\n\n<!-- wp:woocommerce\/checkout-payment-block -->\n<div class=\"wp-block-woocommerce-checkout-payment-block\"><\/div>\n<!-- \/wp:woocommerce\/checkout-payment-block -->\n\n<!-- wp:woocommerce\/checkout-additional-information-block -->\n<div class=\"wp-block-woocommerce-checkout-additional-information-block\"><\/div>\n<!-- \/wp:woocommerce\/checkout-additional-information-block -->\n\n<!-- wp:woocommerce\/checkout-order-note-block -->\n<div class=\"wp-block-woocommerce-checkout-order-note-block\"><\/div>\n<!-- \/wp:woocommerce\/checkout-order-note-block -->\n\n<!-- wp:woocommerce\/checkout-terms-block -->\n<div class=\"wp-block-woocommerce-checkout-terms-block\"><\/div>\n<!-- \/wp:woocommerce\/checkout-terms-block -->\n\n<!-- wp:woocommerce\/checkout-actions-block -->\n<div class=\"wp-block-woocommerce-checkout-actions-block\"><\/div>\n<!-- \/wp:woocommerce\/checkout-actions-block --><\/div>\n<!-- \/wp:woocommerce\/checkout-fields-block -->\n\n<!-- wp:woocommerce\/checkout-totals-block -->\n<div class=\"wp-block-woocommerce-checkout-totals-block\"><!-- wp:woocommerce\/checkout-order-summary-block -->\n<div class=\"wp-block-woocommerce-checkout-order-summary-block\"><!-- wp:woocommerce\/checkout-order-summary-cart-items-block -->\n<div class=\"wp-block-woocommerce-checkout-order-summary-cart-items-block\"><\/div>\n<!-- \/wp:woocommerce\/checkout-order-summary-cart-items-block -->\n\n<!-- wp:woocommerce\/checkout-order-summary-coupon-form-block -->\n<div class=\"wp-block-woocommerce-checkout-order-summary-coupon-form-block\"><\/div>\n<!-- \/wp:woocommerce\/checkout-order-summary-coupon-form-block -->\n\n<!-- wp:woocommerce\/checkout-order-summary-subtotal-block -->\n<div class=\"wp-block-woocommerce-checkout-order-summary-subtotal-block\"><\/div>\n<!-- \/wp:woocommerce\/checkout-order-summary-subtotal-block -->\n\n<!-- wp:woocommerce\/checkout-order-summary-fee-block -->\n<div class=\"wp-block-woocommerce-checkout-order-summary-fee-block\"><\/div>\n<!-- \/wp:woocommerce\/checkout-order-summary-fee-block -->\n\n<!-- wp:woocommerce\/checkout-order-summary-discount-block -->\n<div class=\"wp-block-woocommerce-checkout-order-summary-discount-block\"><\/div>\n<!-- \/wp:woocommerce\/checkout-order-summary-discount-block -->\n\n<!-- wp:woocommerce\/checkout-order-summary-shipping-block -->\n<div class=\"wp-block-woocommerce-checkout-order-summary-shipping-block\"><\/div>\n<!-- \/wp:woocommerce\/checkout-order-summary-shipping-block -->\n\n<!-- wp:woocommerce\/checkout-order-summary-taxes-block -->\n<div class=\"wp-block-woocommerce-checkout-order-summary-taxes-block\"><\/div>\n<!-- \/wp:woocommerce\/checkout-order-summary-taxes-block --><\/div>\n<!-- \/wp:woocommerce\/checkout-order-summary-block --><\/div>\n<!-- \/wp:woocommerce\/checkout-totals-block --><\/div>\n<!-- \/wp:woocommerce\/checkout -->","_et_gb_content_width":"","footnotes":""},"class_list":["post-34009","page","type-page","status-publish","hentry"],"_links":{"self":[{"href":"https:\/\/labrisz.hu\/en\/wp-json\/wp\/v2\/pages\/34009","targetHints":{"allow":["GET"]}}],"collection":[{"href":"https:\/\/labrisz.hu\/en\/wp-json\/wp\/v2\/pages"}],"about":[{"href":"https:\/\/labrisz.hu\/en\/wp-json\/wp\/v2\/types\/page"}],"author":[{"embeddable":true,"href":"https:\/\/labrisz.hu\/en\/wp-json\/wp\/v2\/users\/1"}],"replies":[{"embeddable":true,"href":"https:\/\/labrisz.hu\/en\/wp-json\/wp\/v2\/comments?post=34009"}],"version-history":[{"count":28,"href":"https:\/\/labrisz.hu\/en\/wp-json\/wp\/v2\/pages\/34009\/revisions"}],"predecessor-version":[{"id":35752,"href":"https:\/\/labrisz.hu\/en\/wp-json\/wp\/v2\/pages\/34009\/revisions\/35752"}],"wp:attachment":[{"href":"https:\/\/labrisz.hu\/en\/wp-json\/wp\/v2\/media?parent=34009"}],"curies":[{"name":"wp","href":"https:\/\/api.w.org\/{rel}","templated":true}]}}