{"id":34560,"date":"2025-07-09T15:06:27","date_gmt":"2025-07-09T13:06:27","guid":{"rendered":"https:\/\/labrisz.hu\/?page_id=34560"},"modified":"2025-09-16T14:28:19","modified_gmt":"2025-09-16T12:28:19","slug":"kozhasznusagi-beszamolok","status":"publish","type":"page","link":"https:\/\/labrisz.hu\/en\/kozhasznusagi-beszamolok\/","title":{"rendered":"K\u00f6zhaszn\u00fas\u00e1gi besz\u00e1mol\u00f3k"},"content":{"rendered":"<p>[et_pb_section fb_built=&#8221;1&#8243; _builder_version=&#8221;4.27.4&#8243; _module_preset=&#8221;default&#8221; global_colors_info=&#8221;{}&#8221;][et_pb_row _builder_version=&#8221;4.27.4&#8243; _module_preset=&#8221;default&#8221; global_colors_info=&#8221;{}&#8221;][et_pb_column type=&#8221;4_4&#8243; _builder_version=&#8221;4.27.4&#8243; _module_preset=&#8221;default&#8221; global_colors_info=&#8221;{}&#8221;][et_pb_heading title=&#8221;K\u00f6zhaszn\u00fas\u00e1gi besz\u00e1mol\u00f3k&#8221; _builder_version=&#8221;4.27.4&#8243; _module_preset=&#8221;default&#8221; title_font=&#8221;&#8211;et_global_heading_font||||||||&#8221; title_font_size=&#8221;80px&#8221; global_colors_info=&#8221;{}&#8221;][\/et_pb_heading][et_pb_text _builder_version=&#8221;4.27.4&#8243; _module_preset=&#8221;default&#8221; hover_enabled=&#8221;0&#8243; global_colors_info=&#8221;{}&#8221; sticky_enabled=&#8221;0&#8243;]<\/p>\n<ul>\n<li><a href=\"https:\/\/old.labrisz.hu\/content\/_common\/attachments\/file54.pdf\" target=\"_blank\" rel=\"noopener\">A Labrisz Egyes\u00fclet k\u00f6zhaszn\u00fas\u00e1gi besz\u00e1mol\u00f3ja 2024<\/a><\/li>\n<li><a href=\"https:\/\/old.labrisz.hu\/content\/_common\/attachments\/file49.pdf\" target=\"_blank\" rel=\"noopener\">A Labrisz Egyes\u00fclet k\u00f6zhaszn\u00fas\u00e1gi besz\u00e1mol\u00f3ja 2023<\/a><\/li>\n<li><a href=\"https:\/\/old.labrisz.hu\/content\/_common\/attachments\/file46.pdf\" target=\"_blank\" rel=\"noopener\">A Labrisz Egyes\u00fclet k\u00f6zhaszn\u00fas\u00e1gi besz\u00e1mol\u00f3ja 2022<\/a><\/li>\n<li><a href=\"https:\/\/old.labrisz.hu\/content\/_common\/attachments\/file39.pdf\" target=\"_blank\" rel=\"noopener\">A Labrisz Egyes\u00fclet k\u00f6zhaszn\u00fas\u00e1gi besz\u00e1mol\u00f3ja\u00a02021<\/a><\/li>\n<li><a href=\"https:\/\/old.labrisz.hu\/content\/_common\/attachments\/file34.pdf\">A Labrisz Egyes\u00fclet k\u00f6zhaszn\u00fas\u00e1gi besz\u00e1mol\u00f3ja\u00a02020<\/a><\/li>\n<li><a href=\"https:\/\/old.labrisz.hu\/content\/_common\/attachments\/file38.pdf\">A Labrisz Egyes\u00fclet k\u00f6zhaszn\u00fas\u00e1gi besz\u00e1mol\u00f3ja 2019<\/a><\/li>\n<li><a href=\"https:\/\/old.labrisz.hu\/content\/_common\/attachments\/file33.pdf\">A Labrisz Egyes\u00fclet k\u00f6zhaszn\u00fas\u00e1gi besz\u00e1mol\u00f3ja 2018<\/a><\/li>\n<li><a href=\"https:\/\/old.labrisz.hu\/content\/_common\/attachments\/file5.pdf\">A Labrisz Egyes\u00fclet k\u00f6zhaszn\u00fas\u00e1gi besz\u00e1mol\u00f3ja\u00a02017<\/a><\/li>\n<li><a href=\"https:\/\/old.labrisz.hu\/content\/_common\/attachments\/file28.pdf\">A Labrisz Egyes\u00fclet k\u00f6zhaszn\u00fas\u00e1gi besz\u00e1mol\u00f3ja 2016<\/a><\/li>\n<li><a href=\"https:\/\/old.labrisz.hu\/content\/_common\/attachments\/file27.pdf\">A Labrisz Egyes\u00fclet k\u00f6zhaszn\u00fas\u00e1gi besz\u00e1mol\u00f3ja 2015<\/a><\/li>\n<li><a href=\"https:\/\/old.labrisz.hu\/content\/_common\/attachments\/2014_labrisz_beszamolo_online.pdf\">A Labrisz Egyes\u00fclet k\u00f6zhaszn\u00fas\u00e1gi besz\u00e1mol\u00f3ja 2014<\/a><\/li>\n<li><a href=\"https:\/\/old.labrisz.hu\/content\/_common\/attachments\/labrisz_2014_evi_szakmai_beszamolo_20150516.pdf\">A 2014-es k\u00f6zhaszn\u00fas\u00e1gi besz\u00e1mol\u00f3 szakmai mell\u00e9klete<\/a><\/li>\n<li><a href=\"https:\/\/old.labrisz.hu\/content\/_common\/attachments\/labrisz_2013_szamviteli_beszamolo.pdf\">A Labrisz Egyes\u00fclet k\u00f6zhaszn\u00fas\u00e1gi besz\u00e1mol\u00f3ja 2013<\/a><\/li>\n<li><a href=\"https:\/\/old.labrisz.hu\/content\/_common\/attachments\/beszamolo_2013_szakmai.pdf\">A 2013-as k\u00f6zhaszn\u00fas\u00e1gi besz\u00e1mol\u00f3 szakmai mell\u00e9klete<\/a><\/li>\n<li><a href=\"https:\/\/old.labrisz.hu\/content\/_common\/attachments\/labrisz-kozhasznu2012.pdf\">A Labrisz Egyes\u00fclet k\u00f6zhaszn\u00fas\u00e1gi jelent\u00e9se 2012<\/a><\/li>\n<li><a href=\"https:\/\/old.labrisz.hu\/content\/_common\/attachments\/labrisz-kozhasznu2011.pdf\">A Labrisz Egyes\u00fclet k\u00f6zhaszn\u00fas\u00e1gi jelent\u00e9se 2011<\/a><\/li>\n<li><a href=\"https:\/\/old.labrisz.hu\/content\/_common\/attachments\/labrisz_kozhasznu2010.pdf\">A Labrisz Egyes\u00fclet k\u00f6zhaszn\u00fas\u00e1gi jelent\u00e9se 2010<\/a><\/li>\n<li><a href=\"https:\/\/old.labrisz.hu\/content\/_common\/attachments\/kozhasznu_beszamolo_labrisz2009_pdf_14572.pdf\">A Labrisz Egyes\u00fclet k\u00f6zhaszn\u00fas\u00e1gi jelent\u00e9se 2009<\/a><\/li>\n<li><a href=\"https:\/\/old.labrisz.hu\/content\/_common\/attachments\/labrisz_kozhasznu_jelentes_2008_pdf_17575.pdf\">A Labrisz Egyes\u00fclet k\u00f6zhaszn\u00fas\u00e1gi jelent\u00e9se 2008<\/a><\/li>\n<\/ul>\n<p>[\/et_pb_text][\/et_pb_column][\/et_pb_row][\/et_pb_section]<\/p>\n","protected":false},"excerpt":{"rendered":"<p>A Labrisz Egyes\u00fclet k\u00f6zhaszn\u00fas\u00e1gi besz\u00e1mol\u00f3ja 2024 A Labrisz Egyes\u00fclet k\u00f6zhaszn\u00fas\u00e1gi besz\u00e1mol\u00f3ja 2023 A Labrisz Egyes\u00fclet k\u00f6zhaszn\u00fas\u00e1gi besz\u00e1mol\u00f3ja 2022 A Labrisz Egyes\u00fclet k\u00f6zhaszn\u00fas\u00e1gi besz\u00e1mol\u00f3ja\u00a02021 A Labrisz Egyes\u00fclet k\u00f6zhaszn\u00fas\u00e1gi besz\u00e1mol\u00f3ja\u00a02020 A Labrisz Egyes\u00fclet k\u00f6zhaszn\u00fas\u00e1gi besz\u00e1mol\u00f3ja 2019 A Labrisz Egyes\u00fclet k\u00f6zhaszn\u00fas\u00e1gi besz\u00e1mol\u00f3ja 2018 A Labrisz Egyes\u00fclet k\u00f6zhaszn\u00fas\u00e1gi besz\u00e1mol\u00f3ja\u00a02017 A Labrisz Egyes\u00fclet k\u00f6zhaszn\u00fas\u00e1gi besz\u00e1mol\u00f3ja 2016 A Labrisz Egyes\u00fclet k\u00f6zhaszn\u00fas\u00e1gi besz\u00e1mol\u00f3ja 2015 A Labrisz Egyes\u00fclet k\u00f6zhaszn\u00fas\u00e1gi besz\u00e1mol\u00f3ja 2014 A 2014-es k\u00f6zhaszn\u00fas\u00e1gi besz\u00e1mol\u00f3 szakmai mell\u00e9klete A Labrisz Egyes\u00fclet k\u00f6zhaszn\u00fas\u00e1gi besz\u00e1mol\u00f3ja 2013 A 2013-as k\u00f6zhaszn\u00fas\u00e1gi besz\u00e1mol\u00f3 szakmai mell\u00e9klete A Labrisz Egyes\u00fclet k\u00f6zhaszn\u00fas\u00e1gi jelent\u00e9se 2012 A Labrisz Egyes\u00fclet k\u00f6zhaszn\u00fas\u00e1gi jelent\u00e9se 2011 A Labrisz Egyes\u00fclet k\u00f6zhaszn\u00fas\u00e1gi jelent\u00e9se 2010 A Labrisz Egyes\u00fclet k\u00f6zhaszn\u00fas\u00e1gi jelent\u00e9se 2009 A Labrisz Egyes\u00fclet k\u00f6zhaszn\u00fas\u00e1gi jelent\u00e9se 2008<\/p>","protected":false},"author":2,"featured_media":0,"parent":0,"menu_order":0,"comment_status":"closed","ping_status":"closed","template":"","meta":{"_seopress_robots_primary_cat":"","_seopress_titles_title":"","_seopress_titles_desc":"","_seopress_robots_index":"yes","_et_pb_use_builder":"on","_et_pb_old_content":"","_et_gb_content_width":"","footnotes":""},"class_list":["post-34560","page","type-page","status-publish","hentry"],"_links":{"self":[{"href":"https:\/\/labrisz.hu\/en\/wp-json\/wp\/v2\/pages\/34560","targetHints":{"allow":["GET"]}}],"collection":[{"href":"https:\/\/labrisz.hu\/en\/wp-json\/wp\/v2\/pages"}],"about":[{"href":"https:\/\/labrisz.hu\/en\/wp-json\/wp\/v2\/types\/page"}],"author":[{"embeddable":true,"href":"https:\/\/labrisz.hu\/en\/wp-json\/wp\/v2\/users\/2"}],"replies":[{"embeddable":true,"href":"https:\/\/labrisz.hu\/en\/wp-json\/wp\/v2\/comments?post=34560"}],"version-history":[{"count":5,"href":"https:\/\/labrisz.hu\/en\/wp-json\/wp\/v2\/pages\/34560\/revisions"}],"predecessor-version":[{"id":35519,"href":"https:\/\/labrisz.hu\/en\/wp-json\/wp\/v2\/pages\/34560\/revisions\/35519"}],"wp:attachment":[{"href":"https:\/\/labrisz.hu\/en\/wp-json\/wp\/v2\/media?parent=34560"}],"curies":[{"name":"wp","href":"https:\/\/api.w.org\/{rel}","templated":true}]}}