{"id":34640,"date":"2025-07-09T23:12:53","date_gmt":"2025-07-09T21:12:53","guid":{"rendered":"https:\/\/labrisz.hu\/?page_id=34640"},"modified":"2025-07-09T23:15:25","modified_gmt":"2025-07-09T21:15:25","slug":"1-felhasznalas","status":"publish","type":"page","link":"https:\/\/labrisz.hu\/en\/1-felhasznalas\/","title":{"rendered":"1% felhaszn\u00e1l\u00e1s"},"content":{"rendered":"<p>[et_pb_section fb_built=&#8221;1&#8243; _builder_version=&#8221;4.27.4&#8243; _module_preset=&#8221;default&#8221; global_colors_info=&#8221;{}&#8221;][et_pb_row _builder_version=&#8221;4.27.4&#8243; _module_preset=&#8221;default&#8221; global_colors_info=&#8221;{}&#8221;][et_pb_column type=&#8221;4_4&#8243; _builder_version=&#8221;4.27.4&#8243; _module_preset=&#8221;default&#8221; global_colors_info=&#8221;{}&#8221;][et_pb_heading title=&#8221;1% felhaszn\u00e1l\u00e1s&#8221; _builder_version=&#8221;4.27.4&#8243; _module_preset=&#8221;default&#8221; title_font=&#8221;&#8211;et_global_heading_font||||||||&#8221; title_font_size=&#8221;80px&#8221; global_colors_info=&#8221;{}&#8221;][\/et_pb_heading][et_pb_text _builder_version=&#8221;4.27.4&#8243; _module_preset=&#8221;default&#8221; hover_enabled=&#8221;0&#8243; global_colors_info=&#8221;{}&#8221; sticky_enabled=&#8221;0&#8243;]<\/p>\n<ul>\n<li><a href=\"https:\/\/labrisz.hu\/content\/_common\/attachments\/file41.pdf\" target=\"_blank\" rel=\"noopener\">A\u00a0Labrisz Egyes\u00fclet 1% felhaszn\u00e1l\u00e1sa\u00a02022<\/a><\/li>\n<li><a href=\"https:\/\/labrisz.hu\/content\/_common\/attachments\/file40.pdf\" target=\"_blank\" rel=\"noopener\">A Labrisz Egyes\u00fclet 1% felhaszn\u00e1l\u00e1sa\u00a02021<\/a><\/li>\n<li><a href=\"https:\/\/labrisz.hu\/content\/_common\/attachments\/file31.pdf\">A Labrisz Egyes\u00fclet 1% felhaszn\u00e1l\u00e1sa\u00a02018<\/a><\/li>\n<li><a href=\"https:\/\/labrisz.hu\/content\/_common\/attachments\/16koz_labrisz.pdf\">A Labrisz Egyes\u00fclet 1% felhaszn\u00e1l\u00e1sa\u00a02017<\/a><\/li>\n<\/ul>\n<p>[\/et_pb_text][\/et_pb_column][\/et_pb_row][\/et_pb_section]<\/p>\n","protected":false},"excerpt":{"rendered":"<p>A\u00a0Labrisz Egyes\u00fclet 1% felhaszn\u00e1l\u00e1sa\u00a02022 A Labrisz Egyes\u00fclet 1% felhaszn\u00e1l\u00e1sa\u00a02021 A Labrisz Egyes\u00fclet 1% felhaszn\u00e1l\u00e1sa\u00a02018 A Labrisz Egyes\u00fclet 1% felhaszn\u00e1l\u00e1sa\u00a02017<\/p>","protected":false},"author":2,"featured_media":0,"parent":0,"menu_order":0,"comment_status":"closed","ping_status":"closed","template":"","meta":{"_seopress_robots_primary_cat":"","_seopress_titles_title":"","_seopress_titles_desc":"","_seopress_robots_index":"","_et_pb_use_builder":"on","_et_pb_old_content":"","_et_gb_content_width":"","footnotes":""},"class_list":["post-34640","page","type-page","status-publish","hentry"],"_links":{"self":[{"href":"https:\/\/labrisz.hu\/en\/wp-json\/wp\/v2\/pages\/34640","targetHints":{"allow":["GET"]}}],"collection":[{"href":"https:\/\/labrisz.hu\/en\/wp-json\/wp\/v2\/pages"}],"about":[{"href":"https:\/\/labrisz.hu\/en\/wp-json\/wp\/v2\/types\/page"}],"author":[{"embeddable":true,"href":"https:\/\/labrisz.hu\/en\/wp-json\/wp\/v2\/users\/2"}],"replies":[{"embeddable":true,"href":"https:\/\/labrisz.hu\/en\/wp-json\/wp\/v2\/comments?post=34640"}],"version-history":[{"count":3,"href":"https:\/\/labrisz.hu\/en\/wp-json\/wp\/v2\/pages\/34640\/revisions"}],"predecessor-version":[{"id":34957,"href":"https:\/\/labrisz.hu\/en\/wp-json\/wp\/v2\/pages\/34640\/revisions\/34957"}],"wp:attachment":[{"href":"https:\/\/labrisz.hu\/en\/wp-json\/wp\/v2\/media?parent=34640"}],"curies":[{"name":"wp","href":"https:\/\/api.w.org\/{rel}","templated":true}]}}