{"id":35712,"date":"2025-12-15T10:27:30","date_gmt":"2025-12-15T09:27:30","guid":{"rendered":"https:\/\/labrisz.hu\/?page_id=35712"},"modified":"2025-12-15T10:33:18","modified_gmt":"2025-12-15T09:33:18","slug":"filmjeink","status":"publish","type":"page","link":"https:\/\/labrisz.hu\/en\/filmjeink\/","title":{"rendered":"Our Films"},"content":{"rendered":"<p>[et_pb_section fb_built=&#8221;1&#8243; admin_label=&#8221;magyar tartalom&#8221; module_class=&#8221;hu-only&#8221; _builder_version=&#8221;4.27.4&#8243; _module_preset=&#8221;default&#8221; collapsed=&#8221;off&#8221; global_colors_info=&#8221;{}&#8221;][et_pb_row _builder_version=&#8221;4.25.1&#8243; _module_preset=&#8221;default&#8221; global_colors_info=&#8221;{}&#8221;][et_pb_column type=&#8221;4_4&#8243; _builder_version=&#8221;4.25.1&#8243; _module_preset=&#8221;default&#8221; global_colors_info=&#8221;{}&#8221;][et_pb_heading title=&#8221;@ET-DC@eyJkeW5hbWljIjp0cnVlLCJjb250ZW50IjoicG9zdF90aXRsZSIsInNldHRpbmdzIjp7ImJlZm9yZSI6IiIsImFmdGVyIjoiIn19@&#8221; _builder_version=&#8221;4.27.4&#8243; _dynamic_attributes=&#8221;title&#8221; _module_preset=&#8221;c84fceba-6d24-474c-9c4b-b369845da48a&#8221; title_font=&#8221;&#8211;et_global_heading_font||||||||&#8221; title_font_size=&#8221;70px&#8221; global_colors_info=&#8221;{}&#8221;][\/et_pb_heading][\/et_pb_column][\/et_pb_row][et_pb_row column_structure=&#8221;3_4,1_4&#8243; _builder_version=&#8221;4.27.4&#8243; _module_preset=&#8221;default&#8221; global_colors_info=&#8221;{}&#8221;][et_pb_column type=&#8221;3_4&#8243; _builder_version=&#8221;4.27.4&#8243; _module_preset=&#8221;default&#8221; global_colors_info=&#8221;{}&#8221;][et_pb_text _builder_version=&#8221;4.27.4&#8243; _module_preset=&#8221;65d59b21-0115-4eb1-9620-1cedd31bfb21&#8243; hover_enabled=&#8221;0&#8243; global_colors_info=&#8221;{}&#8221; sticky_enabled=&#8221;0&#8243;]<\/p>\n<p>Leg\u00fajabb film\u00fcnk,<strong> A leszbikus jakobinusok l\u00e1zad\u00e1sa<\/strong> c\u00edm\u0171 abszurd t\u00f6rt\u00e9nelmi kisj\u00e1t\u00e9kfilm premierje 2025. november 2-\u00e1n volt a Bem moziban:<\/p>\n<blockquote class=\"wp-embedded-content\" data-secret=\"F4QsxOTM4M\"><p><a href=\"https:\/\/labrisz.hu\/esemenyek\/a-leszbikus-jakobinusok-lazadasa-premier\/\">A leszbikus jakobinusok l\u00e1zad\u00e1sa PREMIER<\/a><\/p><\/blockquote>\n<p><iframe loading=\"lazy\" class=\"wp-embedded-content\" sandbox=\"allow-scripts\" security=\"restricted\" style=\"position: absolute; visibility: hidden;\" title=\"&#8220;A leszbikus jakobinusok l\u00e1zad\u00e1sa PREMIER&#8221; &#8212; LABRISZ\" src=\"https:\/\/labrisz.hu\/esemenyek\/a-leszbikus-jakobinusok-lazadasa-premier\/embed\/#?secret=HxnsoLRUKY#?secret=F4QsxOTM4M\" data-secret=\"F4QsxOTM4M\" width=\"600\" height=\"338\" frameborder=\"0\" marginwidth=\"0\" marginheight=\"0\" scrolling=\"no\"><\/iframe><\/p>\n<p>Tak\u00e1cs M\u00e1ria rendez\u00e9s\u00e9ben k\u00e9sz\u00fclt el <strong>A m\u00e1sodik aranykor<\/strong> c\u00edm\u0171 emberi jogi websorozat (2021) \u00e9s folytat\u00e1sa, <strong>A m\u00e1sodik aranykor &#8212; egy szerelem kih\u00edv\u00e1sai<\/strong> (2023).<\/p>\n<p>B\u0151vebben:<\/p>\n<p><a href=\"https:\/\/old.labrisz.hu\/hirek\/a_masodik_aranykor_egy_szerelem_kihivasai__online_premier.974.html?pageid=58\" target=\"_blank\" rel=\"noopener\">https:\/\/old.labrisz.hu\/hirek\/a_masodik_aranykor_egy_szerelem_kihivasai__online_premier.974.html?pageid=58<\/a><\/p>\n<p><a href=\"https:\/\/amasodikaranykor.hu\/\" target=\"_blank\" rel=\"noopener\">https:\/\/amasodikaranykor.hu\/<\/a><\/p>\n<p><strong>Fesztiv\u00e1lok:<\/strong><\/p>\n<p>Rehoboth Beach International Film Festival &#8211; Rehoboth Beach, Delaware, USA, 2025.<br \/>Abita Springs International Film Festival &#8211; Abita Springs, Lousiana, USA, 2025.<br \/>44. Hungarian Filmszemle \u2013 Budapest, Hungary, 2025.<br \/>Queertactics (Queer Feminist Film Festival Vienna) \u2013 Vienna, Austria, 2024.<br \/>Queerstreifen \u2013 Munster, Germany, 2024.<br \/>Queerfilmnacht \u2013 Vienna, Austria, 2024.<br \/>San Francisco Frozen Film Festival &#8211; San Francisco, USA, 2024.<br \/>LA Femme International Film Festival \u2013 Los Angeles, USA, 2024.<br \/>International Film Festival The Hague \u2013 Hague, The Netherlands, 2024.<br \/>CineFem 14 \u2013 Maldonado, Uruguay, 2024.<br \/>LGBT+ Film Festival Poland \u2013 2024.<br \/>Queer Expression Film Fest &#8211; Chicago, USA, 2024.<\/p>\n<p><strong>D\u00edjak:<\/strong><\/p>\n<p>Onyko Films Awards \u2013 Best LGBT Films, 2024.<\/p>\n<p><strong>Vide\u00f3arch\u00edvumunkban<\/strong> folyamatosan tessz\u00fck k\u00f6zz\u00e9 az egyes\u00fclet \u00e9let\u00e9vel \u00e9s a leszbikus k\u00f6z\u00e9lettel kapcsolatos felv\u00e9teleket: <a href=\"https:\/\/www.youtube.com\/user\/Labrisz\" target=\"_blank\" rel=\"noopener\">https:\/\/www.youtube.com\/user\/Labrisz<\/a><\/p>\n<p>Kor\u00e1bbi filmek a <strong>Budapesti Leszbikus Filmbizotts\u00e1g<\/strong> m\u0171hely\u00e9b\u0151l:<\/p>\n<p>A <strong>Budapesti Leszbikus Filmbizotts\u00e1g<\/strong> 2000-ben alakult meg, amikor elk\u00e9sz\u00fclt az alkot\u00f3g\u00e1rda els\u0151 filmje a Mihez kezdjen egy fiatal leszbikus a nagyv\u00e1rosban? c\u00edm\u0171 kisfilm. A deb\u00fct\u00e1l\u00e1s \u00f3ta (bemutat\u00f3: K\u00f6z\u00e9p-Eur\u00f3pai Egyetem, V. Meleg \u00e9s Leszbikus Fesztiv\u00e1l) tov\u00e1bbi amat\u0151r filmesek csatlakoztak a Filmbizotts\u00e1ghoz, azon bel\u00fcl kisebb alkot\u00f3i csoportokat l\u00e9trehozva. Szabadon, kedv szerint lehet rendezni, operat\u0151rk\u00f6dni, v\u00e1gni, sz\u00edn\u00e9szkedni \u00e9s a filmeket angolra ford\u00edtani&#8230; A j\u00e1t\u00e9k- \u00e9s dokumentumfilmek \u00e9vr\u0151l \u00e9vre ott vannak a hazai Meleg \u00e9s Leszbikus Fesztiv\u00e1l filmes reperto\u00e1rj\u00e1ban, s\u0151t eur\u00f3pai \u00e9s amerikai leszbikus filmfesztiv\u00e1lokon is. A Bizotts\u00e1g alakul\u00e1s\u00e1t\u00f3l egy\u00fcttm\u0171k\u00f6dik a Labrisz Leszbikus Egyes\u00fclettel, gazdag\u00edtva ezzel a Labrisz arch\u00edvum\u00e1t. Az alkot\u00f3k hiszik, hogy filmjeikkel sz\u00ednes\u00edtik \u00e9s er\u0151sitik a ma Magyarorsz\u00e1gon \u00e9l\u0151 leszbikusok identit\u00e1s\u00e1t \u00e9s vil\u00e1g\u00e1t.<\/p>\n<p><strong>5 \u00e9v alatt 10<\/strong> leszbikus t\u00e9m\u00e1j\u00fa film k\u00e9sz\u00fclt:<\/p>\n<p>Mihez kezdjen egy fiatal leszbikus a nagyv\u00e1rosban? (kisj\u00e1t\u00e9kfilm, 14 perc, r.: Katrin Kremmler 2000)<br \/>A r\u00f3zsasz\u00edn vad\u00e1szg\u00f6r\u00e9ny (j\u00e1t\u00e9kfilm, 50 perc, r.: Katrin Kremmler, 2003)<br \/>Puszta Cowboy (kisj\u00e1t\u00e9kfilm, 10 perc, r.: Katrin Kremmler, 2004)<br \/>Merlin Farsang (dokumentumfilm, 10 perc, k\u00e9sz\u00edt\u0151k: Muszter \u2013 Tak\u00e1cs M\u00e1ria, 2004)<br \/>Nem szabad (videoklip, 5 perc, k\u00e9sz\u00edt\u0151k: No\u00e1r \u2013 Muszter, 2004)<br \/>Kegyetlen n\u0151 harci kuty\u00e1val (kisj\u00e1t\u00e9kfilm, 13 perc, r.: T\u00edm\u00e1r Magdi, 2004)<br \/>Eklektika T\u00e1nciskola (dokumentumfilm, 17 perc, r.: Tak\u00e1cs M\u00e1ria, 2004)<br \/>Zar\u00e1ndoklat a Kecsker\u00fazs f\u00f6ldj\u00e9re (dokumentumfilm, 36 perc, k\u00e9sz\u00edt\u0151k: Cilin, \u00c1gota, Mari \u00e9s a zar\u00e1ndokok, 2005)<br \/>Els\u0151b\u00e1loz\u00f3k (dokumentumfilm, 25 perc, r: Muszter, 2005)<br \/>A f\u00e1sli, a zokni \u00e9s a sz\u0151r (kreat\u00edv dokumentumfilm, D\u00e9d\u00e9, Muszter, No\u00e1r, Mari filmje, 35 perc, 2006)<\/p>\n<p>A<strong> Budapesti Leszbikus Filmbizotts\u00e1<\/strong>g filmjeit a k\u00f6vetkez\u0151 fesztiv\u00e1lokon vet\u00edtett\u00e9k:<\/p>\n<p><strong>2005:<\/strong><br \/>Pink Screens, Br\u00fcsszel, Belgium<br \/>Transgender Filmfesztiv\u00e1l, Amszterdam, Hollandia<br \/>Pink Apple Filmfesztiv\u00e1l, Z\u00fcrich, Sv\u00e1jc<br \/>New Fest LGBT Filmfesztiv\u00e1l, New York, USA<br \/>Frameline International GLBT Filmfesztiv\u00e1l, San Francisco, USA<br \/>Seattle LGBT Filmfesztiv\u00e1l, Seattle, USA<br \/>Cork Filmfesztiv\u00e1l, \u00cdrorsz\u00e1g<br \/>Reel Affirmations LGBT Filmfesztiv\u00e1l, Washington, USA<br \/>Transgender Konferencia, Z\u00e1gr\u00e1b, Horv\u00e1torsz\u00e1g<br \/>Mezipatra LGBT Filmfesztiv\u00e1l, Praga, Brno, Csehorsz\u00e1g<br \/>Queer Fesztiv\u00e1l, Bielsko Biala, Lengyelorsz\u00e1g<br \/>Ladyfest, B\u00e9cs, Ausztria<br \/>Ladyfest, Bielefeld, N\u00e9metorsz\u00e1g<br \/>De Korte Roze Filmdagen, LGBT R\u00f6vidfilmfesztiv\u00e1l, Amsterdam, Hollandia<br \/>Queersicht, Bern, Sv\u00e1jc<br \/>\u201eWarming up for exchange\u201d \u2013 LGBT filmesek workshopja, Salecina, Sv\u00e1jc<br \/>International Student Filmfestival, Hollywood<br \/>Jihlava Dokmarket, Csehorsz\u00e1g<br \/>One World konferencia, Pr\u00e1ga<\/p>\n<p><strong>2006:<\/strong><br \/>University of Helsinki, Gender Studies, Finnorsz\u00e1g<br \/>Mardi Grass Film Festival, Ausztr\u00e1lia<br \/>San Diego Women\u2019s Film Festival, USA<br \/>Cineffable, P\u00e1rizs<br \/>Toronto Lesbian and Gay Film and Video Festival, Kanada<br \/>London Lesbian Film Festival, Kanada<br \/>Cork Film Festival, \u00cdrorsz\u00e1g<br \/>Bildwechsel, Salecina, Sv\u00e1jc<br \/>K\u00dcBA projekt, Minority Logbox (B\u00e9cst\u0151l Konstanz\u00e1ig v\u00e9gig a Duna ment\u00e9n)<\/p>\n<p><strong>2007:<\/strong><\/p>\n<p>Netherlands Transgender Film Festival, Amszterdam, Hollandia<br \/>Artists&#8217; Television Access, San Francisco, USA<br \/>Bildwechel Glasgow, Nagy-Britannia<br \/>38. Magyar Filmszemle, Budapest<\/p>\n<p><strong>2008:<\/strong><\/p>\n<p>Out In Africa South African Gay &amp; Lesbian Film Festival, Fokv\u00e1ros, D\u00e9l-Afrikai K\u00f6zt\u00e1rsas\u00e1g<br \/>Davis Feminist Film Festival, USA<br \/>Ladyfest Ohio, USA<br \/>Reel Affirmations Festival, New York, USA<br \/>\u00d6r\u00f6kmozg\u00f3, Budapest<br \/>&#8222;N\u0151i p\u00e1lya&#8221; vet\u00edt\u00e9ssorozat, Odeon mozi, Budapest<br \/>V. \u0150szi Irodalmi Fesztiv\u00e1l, Sz\u00e9p\u00edr\u00f3k T\u00e1rsas\u00e1ga, Pet\u0151fi Irodalmi M\u00fazeum, Budapest<\/p>\n<p><a href=\"https:\/\/old.labrisz.hu\/hirek\/uj_magyar_leszbikus_film__a_rozsaszin_goreny.609.html?module=38&amp;mywbContentTypeCtrlAction=Item&amp;mywbContentType_id=1\" target=\"_blank\" rel=\"noopener\">Interj\u00fa Katrin Kremmlerrel a R\u00f3zsasz\u00edn g\u00f6r\u00e9nyr\u0151l<\/a> (2003)<br \/><a href=\"https:\/\/old.labrisz.hu\/hirek\/puszta_cowboy_avagy_paprika_western_magyar_leszbikus_modra.603.html?module=38&amp;mywbContentTypeCtrlAction=Item&amp;mywbContentType_id=1\" target=\"_blank\" rel=\"noopener\">Interj\u00fa Katrin Kremmlerrel a Puszta Cowboyr\u00f3l<\/a> (2004)<br \/><a href=\"https:\/\/old.labrisz.hu\/hirek\/a_budapesti_leszbikus_filmbizottsag_ujabb_ket_filmjerol_zarandoklat_a_kecskeruzs_foldjere_elsobalozok.590.html?module=38&amp;mywbContentTypeCtrlAction=Item&amp;mywbContentType_id=1\" target=\"_blank\" rel=\"noopener\">Zar\u00e1ndoklat a Kecsker\u00fazs f\u00f6ldj\u00e9re, Els\u0151b\u00e1loz\u00f3k. besz\u00e9lget\u00e9s a rendez\u0151kkel<\/a> (2005)<\/p>\n<p>[\/et_pb_text][\/et_pb_column][et_pb_column type=&#8221;1_4&#8243; _builder_version=&#8221;4.27.4&#8243; _module_preset=&#8221;default&#8221; global_colors_info=&#8221;{}&#8221;][et_pb_button button_url=&#8221;https:\/\/labriszmuseum.org\/&#8221; url_new_window=&#8221;on&#8221; button_text=&#8221;Arch\u00edvum \u00e9s Cenz\u00fara M\u00fazeum&#8221; button_alignment=&#8221;center&#8221; _builder_version=&#8221;4.27.4&#8243; _module_preset=&#8221;f2a26907-929b-4dc7-9b22-5c341ab760a8&#8243; custom_button=&#8221;off&#8221; custom_padding=&#8221;13px|31px|13px|31px|true|true&#8221; sticky_position=&#8221;top&#8221; sticky_offset_top=&#8221;90px&#8221; sticky_limit_bottom=&#8221;row&#8221; global_colors_info=&#8221;{}&#8221;][\/et_pb_button][et_pb_button button_url=&#8221;@ET-DC@eyJkeW5hbWljIjp0cnVlLCJjb250ZW50IjoicG9zdF9saW5rX3VybF9wYWdlIiwic2V0dGluZ3MiOnsicG9zdF9pZCI6IjM0NzM5In19@&#8221; url_new_window=&#8221;on&#8221; button_text=&#8221;Leszbikus irodalmi gy\u0171jtem\u00e9ny&#8221; button_alignment=&#8221;center&#8221; _builder_version=&#8221;4.27.4&#8243; _dynamic_attributes=&#8221;button_url&#8221; _module_preset=&#8221;f2a26907-929b-4dc7-9b22-5c341ab760a8&#8243; custom_button=&#8221;off&#8221; custom_padding=&#8221;13px|31px|13px|31px|true|true&#8221; sticky_position=&#8221;top&#8221; sticky_offset_top=&#8221;90px&#8221; sticky_limit_bottom=&#8221;row&#8221; global_colors_info=&#8221;{}&#8221;][\/et_pb_button][\/et_pb_column][\/et_pb_row][\/et_pb_section][et_pb_section fb_built=&#8221;1&#8243; admin_label=&#8221;angol tartalom&#8221; module_class=&#8221;en-only&#8221; _builder_version=&#8221;4.27.4&#8243; _module_preset=&#8221;default&#8221; collapsed=&#8221;off&#8221; global_colors_info=&#8221;{}&#8221;][et_pb_row _builder_version=&#8221;4.25.1&#8243; _module_preset=&#8221;default&#8221; global_colors_info=&#8221;{}&#8221;][et_pb_column type=&#8221;4_4&#8243; _builder_version=&#8221;4.25.1&#8243; _module_preset=&#8221;default&#8221; global_colors_info=&#8221;{}&#8221;][et_pb_heading title=&#8221;Our Films&#8221; _builder_version=&#8221;4.27.4&#8243; _module_preset=&#8221;c84fceba-6d24-474c-9c4b-b369845da48a&#8221; title_font=&#8221;&#8211;et_global_heading_font||||||||&#8221; title_font_size=&#8221;70px&#8221; global_colors_info=&#8221;{}&#8221;][\/et_pb_heading][\/et_pb_column][\/et_pb_row][et_pb_row column_structure=&#8221;3_4,1_4&#8243; _builder_version=&#8221;4.27.4&#8243; _module_preset=&#8221;default&#8221; global_colors_info=&#8221;{}&#8221;][et_pb_column type=&#8221;3_4&#8243; _builder_version=&#8221;4.27.4&#8243; _module_preset=&#8221;default&#8221; global_colors_info=&#8221;{}&#8221;][et_pb_text _builder_version=&#8221;4.27.4&#8243; _module_preset=&#8221;65d59b21-0115-4eb1-9620-1cedd31bfb21&#8243; global_colors_info=&#8221;{}&#8221;]<\/p>\n<p>Our latest film, <strong>The Rebellion of the Lesbian Jacobins<\/strong>, an absurd historical short film, premiered on November 2, 2025, at the Bem Cinema:<br \/><a href=\"https:\/\/labrisz.hu\/en\/events-2\/the-rebellion-of-lesbian-jacobins-premier\/\" target=\"_blank\" rel=\"noopener\">https:\/\/labrisz.hu\/en\/events-2\/the-rebellion-of-lesbian-jacobins-premier\/<\/a><\/p>\n<p>The web series <strong>The Second Golden Age<\/strong> (2021) and its sequel, <strong>The Second Golden Age &#8212; The Challenges of Love<\/strong> (2023) were directed by M\u00e1ria Tak\u00e1cs.<br \/>Read more here:<\/p>\n<p><a href=\"https:\/\/old.labrisz.hu\/hirek\/a_masodik_aranykor_egy_szerelem_kihivasai__online_premier.974.html?pageid=58\" target=\"_blank\" rel=\"noopener\">https:\/\/labrisz.hu\/hirek\/a_masodik_aranykor_egy_szerelem_kihivasai__online_premier.974.html?pageid=58<\/a><\/p>\n<p><a href=\"https:\/\/amasodikaranykor.hu\/\" target=\"_blank\" rel=\"noopener\">https:\/\/amasodikaranykor.hu\/<\/a><\/p>\n<p>Our video archive is available here: <a href=\"https:\/\/www.youtube.com\/user\/Labrisz\" target=\"_blank\" rel=\"noopener\">https:\/\/www.youtube.com\/user\/Labrisz<\/a><\/p>\n<p>Previous films from the <strong>Budapest Lesbian Film Committee<\/strong> workshop:<br \/><strong>Budapest Lesbian Film Committee<\/strong> is a creative working team of the association, founded in 2000. It is a group of independent lesbian filmmakers making low-budget movies.<\/p>\n<p>Their first film, entitled \u201c<strong><em>What can a young lesbian do in the big city?<\/em><\/strong>\u201d which was supported by the Bal\u00e1zs B\u00e9la St\u00fadi\u00f3, was a big success in 2000, at the 5th Gay and Lesbian Film and Cultural Festival. The second film, \u201c<strong><em>The Pink Ferret<\/em><\/strong>\u201d, a lesbian crime story, has been presented at the 2003 festival. A series of short movies (\u201c<strong><em>Big Films from the Small World<\/em><\/strong>\u201d) has been shown at the 2004 festival, including two documentaries, a love drama, a videoclip, and a western parody. In 2005, they presented \u201c<strong><em>Coming-Out Ball<\/em><\/strong>\u201d and \u201c<strong><em>A Pilgrimage to the Land of the Goatrouge<\/em><\/strong>\u201d, and in 2006 \u201c<strong><em>Bandage, Socks, and Hair<\/em><\/strong>\u201d.<\/p>\n<p>The filmmakers believe their films colour and strengthen the identity and the world of lesbians living in Hungary. Their narratives and documentaries have their place at the annual Budapest LGBT festivals and have been screened at a number of LGBT film festivals around the world.<\/p>\n<p>[\/et_pb_text][\/et_pb_column][et_pb_column type=&#8221;1_4&#8243; _builder_version=&#8221;4.27.4&#8243; _module_preset=&#8221;default&#8221; global_colors_info=&#8221;{}&#8221;][et_pb_button button_url=&#8221;https:\/\/labriszmuseum.org\/&#8221; url_new_window=&#8221;on&#8221; button_text=&#8221;Arch\u00edvum \u00e9s Cenz\u00fara M\u00fazeum&#8221; button_alignment=&#8221;center&#8221; _builder_version=&#8221;4.27.4&#8243; _module_preset=&#8221;f2a26907-929b-4dc7-9b22-5c341ab760a8&#8243; custom_button=&#8221;off&#8221; custom_padding=&#8221;13px|31px|13px|31px|true|true&#8221; sticky_position=&#8221;top&#8221; sticky_offset_top=&#8221;90px&#8221; sticky_limit_bottom=&#8221;row&#8221; global_colors_info=&#8221;{}&#8221;][\/et_pb_button][\/et_pb_column][\/et_pb_row][\/et_pb_section]<\/p>\n","protected":false},"excerpt":{"rendered":"<p>Leg\u00fajabb film\u00fcnk, A leszbikus jakobinusok l\u00e1zad\u00e1sa c\u00edm\u0171 abszurd t\u00f6rt\u00e9nelmi kisj\u00e1t\u00e9kfilm premierje 2025. november 2-\u00e1n volt a Bem moziban: https:\/\/labrisz.hu\/esemenyek\/a-leszbikus-jakobinusok-lazadasa-premier\/ Tak\u00e1cs M\u00e1ria rendez\u00e9s\u00e9ben k\u00e9sz\u00fclt el A m\u00e1sodik aranykor c\u00edm\u0171 emberi jogi websorozat (2021) \u00e9s folytat\u00e1sa, A m\u00e1sodik aranykor &#8212; egy szerelem kih\u00edv\u00e1sai (2023). B\u0151vebben: https:\/\/old.labrisz.hu\/hirek\/a_masodik_aranykor_egy_szerelem_kihivasai__online_premier.974.html?pageid=58 https:\/\/amasodikaranykor.hu\/ Fesztiv\u00e1lok: Rehoboth Beach International Film Festival &#8211; Rehoboth Beach, Delaware, USA, 2025.Abita Springs International Film Festival &#8211; Abita Springs, Lousiana, USA, 2025.44. Hungarian Filmszemle \u2013 Budapest, Hungary, 2025.Queertactics (Queer Feminist Film Festival Vienna) \u2013 Vienna, Austria, 2024.Queerstreifen \u2013 Munster, Germany, 2024.Queerfilmnacht \u2013 Vienna, Austria, 2024.San Francisco Frozen Film Festival &#8211; San Francisco, USA, 2024.LA Femme International Film Festival \u2013 Los Angeles, USA, 2024.International Film Festival The Hague \u2013 Hague, The Netherlands, 2024.CineFem 14 \u2013 Maldonado, Uruguay, 2024.LGBT+ Film Festival Poland \u2013 2024.Queer Expression Film Fest &#8211; Chicago, USA, 2024. D\u00edjak: Onyko Films Awards \u2013 Best LGBT Films, 2024. Vide\u00f3arch\u00edvumunkban folyamatosan tessz\u00fck k\u00f6zz\u00e9 az egyes\u00fclet \u00e9let\u00e9vel \u00e9s a leszbikus k\u00f6z\u00e9lettel kapcsolatos felv\u00e9teleket: https:\/\/www.youtube.com\/user\/Labrisz Kor\u00e1bbi filmek a Budapesti Leszbikus Filmbizotts\u00e1g m\u0171hely\u00e9b\u0151l: A Budapesti Leszbikus Filmbizotts\u00e1g 2000-ben alakult meg, amikor elk\u00e9sz\u00fclt az alkot\u00f3g\u00e1rda els\u0151 filmje a Mihez kezdjen egy fiatal leszbikus a nagyv\u00e1rosban? c\u00edm\u0171 kisfilm. A deb\u00fct\u00e1l\u00e1s \u00f3ta (bemutat\u00f3: K\u00f6z\u00e9p-Eur\u00f3pai Egyetem, V. Meleg \u00e9s Leszbikus Fesztiv\u00e1l) tov\u00e1bbi amat\u0151r [&hellip;]<\/p>\n","protected":false},"author":1,"featured_media":0,"parent":0,"menu_order":0,"comment_status":"closed","ping_status":"closed","template":"","meta":{"_seopress_robots_primary_cat":"","_seopress_titles_title":"","_seopress_titles_desc":"","_seopress_robots_index":"","_et_pb_use_builder":"on","_et_pb_old_content":"","_et_gb_content_width":"","footnotes":""},"class_list":["post-35712","page","type-page","status-publish","hentry"],"_links":{"self":[{"href":"https:\/\/labrisz.hu\/en\/wp-json\/wp\/v2\/pages\/35712","targetHints":{"allow":["GET"]}}],"collection":[{"href":"https:\/\/labrisz.hu\/en\/wp-json\/wp\/v2\/pages"}],"about":[{"href":"https:\/\/labrisz.hu\/en\/wp-json\/wp\/v2\/types\/page"}],"author":[{"embeddable":true,"href":"https:\/\/labrisz.hu\/en\/wp-json\/wp\/v2\/users\/1"}],"replies":[{"embeddable":true,"href":"https:\/\/labrisz.hu\/en\/wp-json\/wp\/v2\/comments?post=35712"}],"version-history":[{"count":3,"href":"https:\/\/labrisz.hu\/en\/wp-json\/wp\/v2\/pages\/35712\/revisions"}],"predecessor-version":[{"id":35724,"href":"https:\/\/labrisz.hu\/en\/wp-json\/wp\/v2\/pages\/35712\/revisions\/35724"}],"wp:attachment":[{"href":"https:\/\/labrisz.hu\/en\/wp-json\/wp\/v2\/media?parent=35712"}],"curies":[{"name":"wp","href":"https:\/\/api.w.org\/{rel}","templated":true}]}}